{"id":88,"date":"2023-11-13T04:13:26","date_gmt":"2023-11-13T04:13:26","guid":{"rendered":"https:\/\/wp.formacionkalispera.net\/?page_id=88"},"modified":"2023-11-22T02:31:36","modified_gmt":"2023-11-22T02:31:36","slug":"politica-de-privacidad","status":"publish","type":"page","link":"https:\/\/kalispera.net\/es\/politica-de-privacidad\/","title":{"rendered":"Pol\u00edtica de privacidad"},"content":{"rendered":"\n<h3 class=\"wp-block-heading\">1. ALCANCE<\/h3>\n\n\n\n<p>La presente Pol\u00edtica de privacidad de KALISPERA MEDICAL WRITING S.L. . regula la obtenci\u00f3n, utilizaci\u00f3n y otras formas de procesamiento de datos personales facilitados por los Usuarios en la presente web o en cualquiera de los entornos de Internet de la entidad.<\/p>\n\n\n\n<p>Mediante la implementaci\u00f3n de los formularios incluidos en los diferentes websites, relativos a servicios prestados por KALISPERA MEDICAL WRITING S.L. , los Usuarios aceptan la inclusi\u00f3n y tratamiento de los datos que proporcionen en un tratamiento de datos de car\u00e1cter personal, del cual es titular KALISPERA MEDICAL WRITING S.L. pudi\u00e9ndose ejercer los derechos pertinentes seg\u00fan lo expuesto en las siguientes cl\u00e1usulas.<\/p>\n\n\n\n<p>Todos los textos legales se encuentran a disposici\u00f3n de los usuarios y\/o interesados en la correspondiente web. Dichos textos podr\u00e1n ser modificados y\/o actualizados seg\u00fan las necesidades y actividades llevadas a cabo por KALISPERA MEDICAL WRITING S.L. .<\/p>\n\n\n\n<figure class=\"wp-block-table aligncenter is-style-stripes\" style=\"font-size:15px\"><table><tbody><tr><th>Raz\u00f3n Social del responsable<\/th><th>CIF<\/th><\/tr><tr><td>KALISPERA MEDICAL WRITING S.L.<\/td><td>B66448721<\/td><\/tr><tr><th>Direcci\u00f3n:<\/th><th>&nbsp;<\/th><\/tr><tr><td>C\/ Gran V\u00eda de les Corts Catalanes, 264 Planta 4\u00ba<\/td><td>&nbsp;<\/td><\/tr><tr><th>Poblaci\u00f3n:<\/th><th>C\u00f3digo Postal:<\/th><\/tr><tr><td>Barcelona<\/td><td>8004<\/td><\/tr><tr><th>Tel\u00e9fono \/ email<\/th><th>&nbsp;<\/th><\/tr><tr><td>935678888 \/&nbsp;<a href=\"mailto:info@kalispera.net\">info@kalispera.net<\/a><\/td><td>&nbsp;<\/td><\/tr><\/tbody><\/table><\/figure>\n\n\n\n<h3 class=\"wp-block-heading has-text-align-center\">\u00bfCON QU\u00c9 FINALIDAD\/ES RECOPILAMOS SUS DATOS?<\/h3>\n\n\n\n<p>De acuerdo con lo dispuesto en la normativa vigente, KALISPERA MEDICAL WRITING S.L. s\u00f3lo recoge los datos estrictamente necesarios para ofrecer los servicios derivados de su actividad y dem\u00e1s prestaciones, gestiones y actividades atribuidas por la Ley.<\/p>\n\n\n\n<p>En la presente web, s\u00f3lo se tratan datos de contacto, facilitados por los Usuarios. Los datos que se pueden recabar del usuario ser\u00e1n tratados con las finalidades de:<\/p>\n\n\n\n<ul class=\"wp-block-list\">\n<li>Gesti\u00f3n de sus datos de contacto para solventar dudas o sugerencias, siendo la base legal su consentimiento.<\/li>\n\n\n\n<li>Gesti\u00f3n de sus datos de contacto para tramitar sus solicitudes de presupuesto, siendo la base legal su consentimiento, as\u00ed como la ejecuci\u00f3n de una relaci\u00f3n precontractual.<\/li>\n\n\n\n<li>Enviarle, en su caso, notificaciones que puedan ser de su inter\u00e9s, siendo la base legal su consentimiento<\/li>\n\n\n\n<li>Gesti\u00f3n de sus datos para poder prestarle los servicios de formaci\u00f3n que correspondan<\/li>\n<\/ul>\n\n\n\n<p>Se informa de que no se realizar\u00e1n evaluaciones automatizadas, ni se elaborar\u00e1n perfiles de usuarios.<\/p>\n\n\n\n<p>Asimismo, le informamos que la informaci\u00f3n de las bases de datos podr\u00e1 ser usada para la identificaci\u00f3n de los Usuarios.<\/p>\n\n\n\n<h3 class=\"wp-block-heading has-text-align-center\">\u00bfDURANTE CU\u00c1NTO TIEMPO CONSERVAMOS SUS DATOS PERSONALES?<\/h3>\n\n\n\n<p>Los datos personales ser\u00e1n conservados mientras el usuario no manifieste lo contrario y por los plazos de conservaci\u00f3n legalmente establecidos, salvo que por motivos l\u00f3gicos y evidentes hayan perdido la utilidad o la finalidad leg\u00edtima para la que fueron captados.<\/p>\n\n\n\n<h3 class=\"wp-block-heading has-text-align-center\">\u00bfA QU\u00c9 DESTINATARIOS SE COMUNICAR\u00c1N SUS DATOS?<\/h3>\n\n\n\n<p>Sus datos pueden ser comunicados a otras empresas del Grupo, con el fin de realizar la gesti\u00f3n administrativa y comercial propia del servicio que le prestamos, as\u00ed como a los siguientes terceros de confianza de KALISPERA MEDICAL WRITING S.L. :<\/p>\n\n\n\n<ul class=\"wp-block-list\">\n<li>Terceros que nos ayudan a proporcionar servicios de Tecnolog\u00edas de la Informaci\u00f3n, como proveedores de plataforma, servicios de alojamiento, mantenimiento y soporte en nuestras bases de datos, as\u00ed como en nuestro software y aplicaciones que pueden contener datos sobre usted.<\/li>\n<\/ul>\n\n\n\n<p>KALISPERA MEDICAL WRITING S.L. colaborar\u00e1 para que los terceros cumplan con la legislaci\u00f3n vigente, si bien la responsabilidad ser\u00e1 exigible a los citados terceros.<\/p>\n\n\n\n<p>KALISPERA MEDICAL WRITING S.L. no vende, alquila o cede los datos personales de los usuarios de estas web, a excepci\u00f3n del caso que sea necesario para la propia prestaci\u00f3n del servicio.<\/p>\n\n\n\n<p>La web posee enlaces, aplicaciones o funcionalidades compartidas con terceros, como son redes sociales o sistemas de comunicaci\u00f3n on-line, KALISPERA MEDICAL WRITING S.L. no se hace responsable de las informaciones que se recojan en dichas aplicaciones, funcionalidades o redes sociales titularidad de terceros al no tener ninguna capacidad de gesti\u00f3n ni control sobre las mismas, siendo por tanto de aplicaci\u00f3n los avisos legales y las pol\u00edticas de privacidad que pudieran constar en los sitios web o similares de los terceros.<\/p>\n\n\n\n<h3 class=\"wp-block-heading has-text-align-center\">\u00bfCU\u00c1LES SON LOS DERECHOS DE LOS USUARIOS QUE NOS FACILITAN SUS DATOS?<\/h3>\n\n\n\n<p>Los Usuarios podr\u00e1n ejercitar, respecto de los datos recabados en la forma descrita en el punto primero, los derechos reconocidos en el Reglamento (UE) 2016\/679 del Parlamento Europeo y del Consejo de 27 de abril de 2016 relativo a la protecci\u00f3n de las personas f\u00edsicas en lo que respecta al tratamiento de datos personales y a la libre circulaci\u00f3n de estos datos y por el que se deroga la Directiva 95\/46\/CE (Reglamento general de protecci\u00f3n de datos), y en particular los derechos de portabilidad, acceso, rectificaci\u00f3n, supresi\u00f3n y limitaci\u00f3n al tratamiento.<\/p>\n\n\n\n<p>Los derechos referidos en el p\u00e1rrafo precedente podr\u00e1n ejercitarse por cada Usuario mediante solicitud escrita y firmada, acompa\u00f1ada de fotocopia de DNI o Pasaporte, dirigida a la siguiente direcci\u00f3n:<\/p>\n\n\n\n<h6 class=\"wp-block-heading has-text-align-center\"><strong>KALISPERA MEDICAL WRITING S.L.<\/strong><\/h6>\n\n\n\n<h6 class=\"wp-block-heading has-text-align-center\">C\/ GRAN V\u00cdA DE LES CORTS CATALANES, 264 PLANTA 4\u00ba, 8004 BARCELONA, BARCELONA<\/h6>\n\n\n\n<p>Asimismo, se hace saber a los Usuarios que pueden retirar el consentimiento para el tratamiento de sus datos en cualquier momento, as\u00ed como presentar reclamaci\u00f3n ante la Autoridad de Control (Agencia Espa\u00f1ola de Protecci\u00f3n de Datos) de considerarlo oportuno.<\/p>\n\n\n\n<h3 class=\"wp-block-heading\">2. COMUNICACI\u00d3N DE INCIDENCIAS E IRREGULARIDADES<\/h3>\n\n\n\n<p>En el caso de existir alguna conducta o situaci\u00f3n que pudiera ser susceptible de generar una incidencia o irregularidad de cualquier clase, se ruega contactar con:<\/p>\n\n\n\n<h6 class=\"wp-block-heading has-text-align-center\"><strong>KALISPERA MEDICAL WRITING S.L.<\/strong><\/h6>\n\n\n\n<h6 class=\"wp-block-heading has-text-align-center\">C\/ GRAN V\u00cdA DE LES CORTS CATALANES, 264 PLANTA 4\u00ba, 8004 BARCELONA, BARCELONA<\/h6>\n\n\n\n<h3 class=\"wp-block-heading\">3. COMPROMISO DEL USUARIO PARA QUE SUS DATOS EST\u00c9N INSCRITOS EN UN TRATAMIENTO<\/h3>\n\n\n\n<p><strong>KALISPERA MEDICAL WRITING S.L.<\/strong>&nbsp;recomienda que, antes de introducir los datos en alguna o algunas de las hojas de captaci\u00f3n de datos de la presente p\u00e1gina web, se lean detenidamente el aviso legal, pol\u00edtica de cookies y pol\u00edtica de privacidad.<\/p>\n\n\n\n<p>En todo caso, el usuario es el responsable de la autenticidad de los datos aportados, que sean exactos, actuales y completos para la finalidad que sean aportados, asumiendo la responsabilidad de los da\u00f1os y perjuicios, tanto por lucro cesante como por da\u00f1o emergente, que se pudieran generar por dichas inexactitudes o falsedades. En todo caso, si los datos aportados en los correspondientes formularios fueran titular de un tercero, el usuario se hace responsable de la correcta captaci\u00f3n del consentimiento e informaci\u00f3n al tercero sobre los aspectos reflejados en el presente aviso legal y pol\u00edticas de privacidad.<\/p>\n\n\n\n<h3 class=\"wp-block-heading\">4. RESPONSABILIDAD DE LOS USUARIOS POR USO Y CONTENIDO<\/h3>\n\n\n\n<p>Tanto el acceso a los websites como el uso que pueda realizarse de la informaci\u00f3n y contenidos incluidos en los mismos, ser\u00e1 de exclusiva responsabilidad de quien lo realice. Por tanto, el uso que pueda hacerse de la informaci\u00f3n, im\u00e1genes, contenidos y\/o productos rese\u00f1ados y accesibles a trav\u00e9s del mismo, estar\u00e1 supeditada a la legalidad, sea nacional o internacional, aplicable, as\u00ed como a los principios de buena fe y uso l\u00edcito por parte de los Usuarios, quienes ser\u00e1n enteramente responsables de dicho acceso y correcto uso. Los Usuarios estar\u00e1n obligados a hacer un uso razonable de los servicios o contenidos, bajo el principio de buena fe y con respeto a la legalidad vigente, a la moral, al orden p\u00fablico, a las buenas costumbres, a los derechos de terceros o del propio KALISPERA MEDICAL WRITING S.L. , todo ello seg\u00fan las posibilidades y fines para los que est\u00e1n concebidos. KALISPERA MEDICAL WRITING S.L. no asume responsabilidades, ya sean directas o indirectas, por da\u00f1o emergente o lucro cesante, derivadas del mal uso de los servicios o contenidos realizado por los Usuarios o terceros.<\/p>\n\n\n\n<h3 class=\"wp-block-heading\">5. INFORMACI\u00d3N LSSI-CE<\/h3>\n\n\n\n<p>En cumplimiento del deber de informaci\u00f3n contemplado en el art\u00edculo 10 de la vigente Ley 34\/2002, de 11 de julio, de Servicios de la Sociedad de la Informaci\u00f3n y de Comercio Electr\u00f3nico, le comunicamos que la dinamizadora y gestora de contenidos de la web donde puede descargar diferentes aplicaciones y\/o informaciones es KALISPERA MEDICAL WRITING S.L. con domicilio en C\/ Gran V\u00eda de les Corts Catalanes, 264 Planta 4\u00ba, 8004 Barcelona y con la gesti\u00f3n del dominio de Internet&nbsp;<a href=\"http:\/\/www.kalispera.net\/\">http:\/\/www.kalispera.net<\/a>&nbsp;inscrito en el registro correspondiente, atendiendo a comunicaciones de los usuarios y\/o interesados a trav\u00e9s del e-mail&nbsp;<a href=\"mailto:info@kalispera.net\">info@kalispera.net<\/a>.<\/p>\n\n\n\n<p>Cualquier otra actividad comercial, mercantil, administrativa o de contrataci\u00f3n de bienes y\/o servicios es responsabilidad de la sociedad mencionada anteriormente, propietaria de este dominio.<\/p>\n\n\n\n<h3 class=\"wp-block-heading\">6. INFORMACI\u00d3N SOBRE EL USO DE OTRAS WEBS Y REDES SOCIALES<\/h3>\n\n\n\n<p>La empresa s\u00f3lo se hace responsable de los contenidos y de la gesti\u00f3n de las p\u00e1ginas web de la cual sea ella el titular u ostente un derecho de an\u00e1loga naturaleza. Cualquier otra p\u00e1gina web o red social o repositorio de informaci\u00f3n en Internet, fuera de la presente web, es responsabilidad de sus leg\u00edtimos titulares.<\/p>\n\n\n\n<p>KALISPERA MEDICAL WRITING S.L. colabora de forma ordinaria con diferentes aplicaciones y entornos web, y siempre recomienda a todos los usuarios que antes de acceder a dichos entornos web lean atentamente los correspondientes avisos legales y pol\u00edticas de privacidad, y que s\u00f3lo accedan a los mismos una vez hayan comprendido y aceptado en su totalidad dicho texto legal.<\/p>\n\n\n\n<p>KALISPERA MEDICAL WRITING S.L. se compromete a controlar los contenidos que se expongan en dichas redes sociales y expulsar\u00e1 aquellos usuarios que hagan un uso incorrecto en ellas.<\/p>\n\n\n\n<p>KALISPERA MEDICAL WRITING S.L. recomienda, siguiendo instrucciones del Instituto Nacional de Tecnolog\u00edas de la Comunicaci\u00f3n (INTECO) y de la Agencia Espa\u00f1ola de Protecci\u00f3n de Datos (AEPD), para el uso de redes sociales o navegaci\u00f3n en entornos web, la ejecuci\u00f3n de las siguientes acciones&nbsp;<strong>(en caso de que alg\u00fan d\u00eda se disponga al uso):<\/strong><\/p>\n\n\n\n<ul class=\"wp-block-list\">\n<li>Se recomienda a todos los usuarios recurrir al uso de seud\u00f3nimos o nicks personales con los que operar a trav\u00e9s de Internet, permiti\u00e9ndoles disponer de una aut\u00e9ntica \u00abidentidad digital\u00bb, que no ponga en entredicho la seguridad de su vida personal y profesional.<\/li>\n\n\n\n<li>Se recomienda a los usuarios tener especial cuidado a la hora de publicar contenidos audiovisuales y gr\u00e1ficos en sus perfiles, dado que en este caso pueden estar poniendo en riesgo la privacidad e intimidad de personas de su entorno.<\/li>\n\n\n\n<li>Se recomienda revisar y leer, tanto en el momento previo al registro de usuario, como posteriormente, las condiciones generales de uso y la pol\u00edtica de privacidad que la plataforma pone a su disposici\u00f3n en sus sitios web.<\/li>\n\n\n\n<li>Se recomienda configurar adecuadamente el grado de privacidad del perfil de usuario en la red social, de tal forma que \u00e9ste no sea completamente p\u00fablico, sino que \u00fanicamente tengan acceso a la informaci\u00f3n publicada en el perfil aquellas personas que hayan sido catalogadas como \u00abamigos\u00bb o \u00abcontactos directos\u00bb previamente por el usuario.<\/li>\n\n\n\n<li>Se recomienda aceptar como contacto \u00fanicamente a aquellas personas conocidas o con las que mantiene alguna relaci\u00f3n previa, no aceptando de forma compulsiva todas las solicitudes de contacto que recibe e investigando siempre que fuera posible y necesario, qui\u00e9n es la persona que solicita su contacto a trav\u00e9s de la red social.<\/li>\n\n\n\n<li>Se recomienda no publicar en el perfil de usuario informaci\u00f3n de contacto f\u00edsico, que permita a cualquier persona conocer d\u00f3nde vive, d\u00f3nde trabaja o estudia diariamente o los lugares de ocio que suele frecuentar.<\/li>\n\n\n\n<li>A los usuarios de herramientas de microblogging se recomienda tener especial cuidado respecto a la publicaci\u00f3n de informaci\u00f3n relativa a los lugares en que se encuentra en todo momento.<\/li>\n\n\n\n<li>Se recomienda utilizar y publicar \u00fanicamente contenidos respecto a los que se cuente con los derechos de propiedad intelectual suficientes. En caso contrario, el usuario estar\u00e1 cometiendo un il\u00edcito civil protegible por parte de los tribunales nacionales.<\/li>\n\n\n\n<li>Se recomienda a los usuarios emplear diferentes nombres de usuario y contrase\u00f1as para entrar en las distintas redes sociales de las que sea miembro.<\/li>\n\n\n\n<li>Se recomienda a los usuarios emplear diferentes nombres de usuario y contrase\u00f1as para entrar en las distintas redes sociales de las que sea miembro.<\/li>\n\n\n\n<li>Se recomienda utilizar contrase\u00f1as con una extensi\u00f3n m\u00ednima de 8 caracteres, alfanum\u00e9ricos y con uso de may\u00fasculas y min\u00fasculas.<\/li>\n\n\n\n<li>Se recomienda a todos los usuarios disponer en sus equipos de software antivirus instalado y debidamente actualizado.<\/li>\n\n\n\n<li>Los menores no deben revelar datos personales excesivos. Nunca se deben suministrar los datos a desconocidos.<\/li>\n\n\n\n<li>Se debe leer toda la informaci\u00f3n concerniente a la p\u00e1gina web. En ella se explica qui\u00e9nes son los titulares de la misma y la finalidad para la que se solicitan los datos.<\/li>\n\n\n\n<li>Si el usuario es menor de catorce a\u00f1os, se necesita tambi\u00e9n el consentimiento de los padres tutores. En estos casos, siempre que se soliciten datos por parte de una red social debe preguntarse a los padres o tutores para ver si ellos aprueban la suscripci\u00f3n o no.<\/li>\n\n\n\n<li>No deben comunicarse a terceros los nombres de usuario y contrase\u00f1a, ni compartirlos entre amigos o compa\u00f1eros de clase. Estos datos son privados y no deben ser comunicados a terceros y\/o desconocidos.<\/li>\n\n\n\n<li>Siempre que se tenga cualquier duda respecto a alguna situaci\u00f3n que se derive del uso de las redes sociales y herramientas colaboradoras, debe preguntarse a los padres o tutores.<\/li>\n\n\n\n<li>Se debe mantener el ordenador en una zona com\u00fan de la casa.<\/li>\n\n\n\n<li>Se deben establecer reglas sobre el uso de Internet en casa.<\/li>\n\n\n\n<li>Los padres deben conocer el funcionamiento y las posibilidades de este tipo de plataformas, tanto positivas como negativas.<\/li>\n\n\n\n<li>Activar el control parental y las herramientas de control de la plataforma, as\u00ed como establecer el correo del padre o tutor como correo de contacto secundario.<\/li>\n\n\n\n<li>Asegurarse de que los controles de verificaci\u00f3n de la edad est\u00e1n implementados.<\/li>\n\n\n\n<li>Asegurar la correcta instalaci\u00f3n del bloqueador de contenidos.<\/li>\n\n\n\n<li>Concienciar e informar a los menores sobre aspectos relativos a la seguridad.<\/li>\n\n\n\n<li>Explicar a los menores que nunca han de quedar con personas que hayan conocido en el mundo online y que si lo hacen debe ser siempre en compa\u00f1\u00eda de sus padres o tutores.<\/li>\n\n\n\n<li>Asegurarse de que los menores conocen los riesgos e implicaciones de alojar contenidos como v\u00eddeos y fotograf\u00edas, as\u00ed como el uso de c\u00e1maras web a trav\u00e9s de las redes sociales.<\/li>\n\n\n\n<li>Controlar el perfil de usuario del menor.<\/li>\n\n\n\n<li>Asegurarse de que el menor s\u00f3lo accede a las p\u00e1ginas recomendadas para su edad.<\/li>\n\n\n\n<li>Asegurarse de que los menores no utilizan su nombre completo.<\/li>\n<\/ul>\n","protected":false},"excerpt":{"rendered":"<p>1. ALCANCE La presente Pol\u00edtica de privacidad de KALISPERA MEDICAL WRITING S.L. . regula la obtenci\u00f3n, utilizaci\u00f3n y otras formas de procesamiento de datos personales facilitados por los Usuarios en la presente web o en cualquiera de los entornos de Internet de la entidad. Mediante la implementaci\u00f3n de los formularios incluidos en los diferentes websites, [&hellip;]<\/p>\n","protected":false},"author":1,"featured_media":0,"parent":0,"menu_order":0,"comment_status":"closed","ping_status":"closed","template":"","meta":{"footnotes":""},"class_list":["post-88","page","type-page","status-publish","hentry"],"yoast_head":"<!-- This site is optimized with the Yoast SEO plugin v27.5 - https:\/\/yoast.com\/product\/yoast-seo-wordpress\/ -->\n<title>Pol\u00edtica de privacidad - Kalispera Medical Writing<\/title>\n<meta name=\"robots\" content=\"index, follow, max-snippet:-1, max-image-preview:large, max-video-preview:-1\" \/>\n<link rel=\"canonical\" href=\"https:\/\/kalispera.net\/es\/politica-de-privacidad\/\" \/>\n<meta property=\"og:locale\" content=\"es_ES\" \/>\n<meta property=\"og:type\" content=\"article\" \/>\n<meta property=\"og:title\" content=\"Pol\u00edtica de privacidad - Kalispera Medical Writing\" \/>\n<meta property=\"og:description\" content=\"1. ALCANCE La presente Pol\u00edtica de privacidad de KALISPERA MEDICAL WRITING S.L. . regula la obtenci\u00f3n, utilizaci\u00f3n y otras formas de procesamiento de datos personales facilitados por los Usuarios en la presente web o en cualquiera de los entornos de Internet de la entidad. Mediante la implementaci\u00f3n de los formularios incluidos en los diferentes websites, [&hellip;]\" \/>\n<meta property=\"og:url\" content=\"https:\/\/kalispera.net\/es\/politica-de-privacidad\/\" \/>\n<meta property=\"og:site_name\" content=\"Kalispera Medical Writing\" \/>\n<meta property=\"article:modified_time\" content=\"2023-11-22T02:31:36+00:00\" \/>\n<meta name=\"twitter:card\" content=\"summary_large_image\" \/>\n<meta name=\"twitter:label1\" content=\"Tiempo de lectura\" \/>\n\t<meta name=\"twitter:data1\" content=\"12 minutos\" \/>\n<script type=\"application\/ld+json\" class=\"yoast-schema-graph\">{\"@context\":\"https:\\\/\\\/schema.org\",\"@graph\":[{\"@type\":\"WebPage\",\"@id\":\"https:\\\/\\\/kalispera.net\\\/es\\\/politica-de-privacidad\\\/\",\"url\":\"https:\\\/\\\/kalispera.net\\\/es\\\/politica-de-privacidad\\\/\",\"name\":\"Pol\u00edtica de privacidad - Kalispera Medical Writing\",\"isPartOf\":{\"@id\":\"https:\\\/\\\/kalispera.net\\\/es\\\/#website\"},\"datePublished\":\"2023-11-13T04:13:26+00:00\",\"dateModified\":\"2023-11-22T02:31:36+00:00\",\"breadcrumb\":{\"@id\":\"https:\\\/\\\/kalispera.net\\\/es\\\/politica-de-privacidad\\\/#breadcrumb\"},\"inLanguage\":\"es\",\"potentialAction\":[{\"@type\":\"ReadAction\",\"target\":[\"https:\\\/\\\/kalispera.net\\\/es\\\/politica-de-privacidad\\\/\"]}]},{\"@type\":\"BreadcrumbList\",\"@id\":\"https:\\\/\\\/kalispera.net\\\/es\\\/politica-de-privacidad\\\/#breadcrumb\",\"itemListElement\":[{\"@type\":\"ListItem\",\"position\":1,\"name\":\"Portada\",\"item\":\"https:\\\/\\\/kalispera.net\\\/es\\\/\"},{\"@type\":\"ListItem\",\"position\":2,\"name\":\"Pol\u00edtica de privacidad\"}]},{\"@type\":\"WebSite\",\"@id\":\"https:\\\/\\\/kalispera.net\\\/es\\\/#website\",\"url\":\"https:\\\/\\\/kalispera.net\\\/es\\\/\",\"name\":\"Kalispera Medical Writing\",\"description\":\"Contenidos M\u00e9dicos\",\"potentialAction\":[{\"@type\":\"SearchAction\",\"target\":{\"@type\":\"EntryPoint\",\"urlTemplate\":\"https:\\\/\\\/kalispera.net\\\/es\\\/?s={search_term_string}\"},\"query-input\":{\"@type\":\"PropertyValueSpecification\",\"valueRequired\":true,\"valueName\":\"search_term_string\"}}],\"inLanguage\":\"es\"}]}<\/script>\n<!-- \/ Yoast SEO plugin. -->","yoast_head_json":{"title":"Pol\u00edtica de privacidad - Kalispera Medical Writing","robots":{"index":"index","follow":"follow","max-snippet":"max-snippet:-1","max-image-preview":"max-image-preview:large","max-video-preview":"max-video-preview:-1"},"canonical":"https:\/\/kalispera.net\/es\/politica-de-privacidad\/","og_locale":"es_ES","og_type":"article","og_title":"Pol\u00edtica de privacidad - Kalispera Medical Writing","og_description":"1. ALCANCE La presente Pol\u00edtica de privacidad de KALISPERA MEDICAL WRITING S.L. . regula la obtenci\u00f3n, utilizaci\u00f3n y otras formas de procesamiento de datos personales facilitados por los Usuarios en la presente web o en cualquiera de los entornos de Internet de la entidad. Mediante la implementaci\u00f3n de los formularios incluidos en los diferentes websites, [&hellip;]","og_url":"https:\/\/kalispera.net\/es\/politica-de-privacidad\/","og_site_name":"Kalispera Medical Writing","article_modified_time":"2023-11-22T02:31:36+00:00","twitter_card":"summary_large_image","twitter_misc":{"Tiempo de lectura":"12 minutos"},"schema":{"@context":"https:\/\/schema.org","@graph":[{"@type":"WebPage","@id":"https:\/\/kalispera.net\/es\/politica-de-privacidad\/","url":"https:\/\/kalispera.net\/es\/politica-de-privacidad\/","name":"Pol\u00edtica de privacidad - Kalispera Medical Writing","isPartOf":{"@id":"https:\/\/kalispera.net\/es\/#website"},"datePublished":"2023-11-13T04:13:26+00:00","dateModified":"2023-11-22T02:31:36+00:00","breadcrumb":{"@id":"https:\/\/kalispera.net\/es\/politica-de-privacidad\/#breadcrumb"},"inLanguage":"es","potentialAction":[{"@type":"ReadAction","target":["https:\/\/kalispera.net\/es\/politica-de-privacidad\/"]}]},{"@type":"BreadcrumbList","@id":"https:\/\/kalispera.net\/es\/politica-de-privacidad\/#breadcrumb","itemListElement":[{"@type":"ListItem","position":1,"name":"Portada","item":"https:\/\/kalispera.net\/es\/"},{"@type":"ListItem","position":2,"name":"Pol\u00edtica de privacidad"}]},{"@type":"WebSite","@id":"https:\/\/kalispera.net\/es\/#website","url":"https:\/\/kalispera.net\/es\/","name":"Kalispera Medical Writing","description":"Contenidos M\u00e9dicos","potentialAction":[{"@type":"SearchAction","target":{"@type":"EntryPoint","urlTemplate":"https:\/\/kalispera.net\/es\/?s={search_term_string}"},"query-input":{"@type":"PropertyValueSpecification","valueRequired":true,"valueName":"search_term_string"}}],"inLanguage":"es"}]}},"_links":{"self":[{"href":"https:\/\/kalispera.net\/es\/wp-json\/wp\/v2\/pages\/88","targetHints":{"allow":["GET"]}}],"collection":[{"href":"https:\/\/kalispera.net\/es\/wp-json\/wp\/v2\/pages"}],"about":[{"href":"https:\/\/kalispera.net\/es\/wp-json\/wp\/v2\/types\/page"}],"author":[{"embeddable":true,"href":"https:\/\/kalispera.net\/es\/wp-json\/wp\/v2\/users\/1"}],"replies":[{"embeddable":true,"href":"https:\/\/kalispera.net\/es\/wp-json\/wp\/v2\/comments?post=88"}],"version-history":[{"count":9,"href":"https:\/\/kalispera.net\/es\/wp-json\/wp\/v2\/pages\/88\/revisions"}],"predecessor-version":[{"id":463,"href":"https:\/\/kalispera.net\/es\/wp-json\/wp\/v2\/pages\/88\/revisions\/463"}],"wp:attachment":[{"href":"https:\/\/kalispera.net\/es\/wp-json\/wp\/v2\/media?parent=88"}],"curies":[{"name":"wp","href":"https:\/\/api.w.org\/{rel}","templated":true}]}}