{"id":38,"date":"2023-11-13T02:48:57","date_gmt":"2023-11-13T02:48:57","guid":{"rendered":"https:\/\/wp.formacionkalispera.net\/?page_id=38"},"modified":"2023-11-16T02:10:28","modified_gmt":"2023-11-16T02:10:28","slug":"blog","status":"publish","type":"page","link":"https:\/\/kalispera.net\/es\/blog\/","title":{"rendered":"Blog"},"content":{"rendered":"\t\t<div data-elementor-type=\"wp-page\" data-elementor-id=\"38\" class=\"elementor elementor-38\" data-elementor-post-type=\"page\">\n\t\t\t\t<div class=\"elementor-element elementor-element-30e71bd e-flex e-con-boxed e-con e-parent\" data-id=\"30e71bd\" data-element_type=\"container\" data-e-type=\"container\" data-settings=\"{&quot;background_background&quot;:&quot;classic&quot;}\">\n\t\t\t\t\t<div class=\"e-con-inner\">\n\t\t\t\t<div class=\"elementor-element elementor-element-0646c49 elementor-widget elementor-widget-spacer\" data-id=\"0646c49\" data-element_type=\"widget\" data-e-type=\"widget\" data-widget_type=\"spacer.default\">\n\t\t\t\t<div class=\"elementor-widget-container\">\n\t\t\t\t\t\t\t<div class=\"elementor-spacer\">\n\t\t\t<div class=\"elementor-spacer-inner\"><\/div>\n\t\t<\/div>\n\t\t\t\t\t\t<\/div>\n\t\t\t\t<\/div>\n\t\t\t\t\t<\/div>\n\t\t\t\t<\/div>\n\t\t<div class=\"elementor-element elementor-element-0a14647 e-flex e-con-boxed e-con e-parent\" data-id=\"0a14647\" data-element_type=\"container\" data-e-type=\"container\">\n\t\t\t\t\t<div class=\"e-con-inner\">\n\t\t<div class=\"elementor-element elementor-element-a0aa0cc e-con-full e-flex e-con e-child\" data-id=\"a0aa0cc\" data-element_type=\"container\" data-e-type=\"container\">\n\t\t\t\t<div class=\"elementor-element elementor-element-93fb6fa elementor-grid-1 elementor-grid-tablet-1 elementor-grid-mobile-1 elementor-widget elementor-widget-loop-grid\" data-id=\"93fb6fa\" data-element_type=\"widget\" data-e-type=\"widget\" data-settings=\"{&quot;template_id&quot;:287,&quot;columns&quot;:1,&quot;columns_tablet&quot;:1,&quot;pagination_type&quot;:&quot;numbers_and_prev_next&quot;,&quot;_skin&quot;:&quot;post&quot;,&quot;columns_mobile&quot;:&quot;1&quot;,&quot;edit_handle_selector&quot;:&quot;[data-elementor-type=\\&quot;loop-item\\&quot;]&quot;,&quot;pagination_load_type&quot;:&quot;page_reload&quot;,&quot;row_gap&quot;:{&quot;unit&quot;:&quot;px&quot;,&quot;size&quot;:&quot;&quot;,&quot;sizes&quot;:[]},&quot;row_gap_tablet&quot;:{&quot;unit&quot;:&quot;px&quot;,&quot;size&quot;:&quot;&quot;,&quot;sizes&quot;:[]},&quot;row_gap_mobile&quot;:{&quot;unit&quot;:&quot;px&quot;,&quot;size&quot;:&quot;&quot;,&quot;sizes&quot;:[]}}\" data-widget_type=\"loop-grid.post\">\n\t\t\t\t<div class=\"elementor-widget-container\">\n\t\t\t\t\t\t\t<div class=\"elementor-loop-container elementor-grid\" role=\"list\">\n\t\t<style id=\"loop-287\">.elementor-287 .elementor-element.elementor-element-a333650{--display:flex;--flex-direction:column;--container-widget-width:100%;--container-widget-height:initial;--container-widget-flex-grow:0;--container-widget-align-self:initial;--flex-wrap-mobile:wrap;}.elementor-287 .elementor-element.elementor-element-a333650.e-con{--flex-grow:0;--flex-shrink:0;}.elementor-widget-theme-post-featured-image .widget-image-caption{color:var( --e-global-color-text );font-family:var( --e-global-typography-text-font-family ), Sans-serif;font-weight:var( --e-global-typography-text-font-weight );}.elementor-widget-theme-post-title .elementor-heading-title{font-family:var( --e-global-typography-primary-font-family ), Sans-serif;font-weight:var( --e-global-typography-primary-font-weight );color:var( --e-global-color-primary );}.elementor-287 .elementor-element.elementor-element-f2e21a9 .elementor-heading-title{font-family:\"Open Sans\", Sans-serif;font-size:25px;font-weight:300;}.elementor-widget-theme-post-excerpt .elementor-widget-container{font-family:var( --e-global-typography-text-font-family ), Sans-serif;font-weight:var( --e-global-typography-text-font-weight );color:var( --e-global-color-text );}.elementor-widget-button .elementor-button{font-family:var( --e-global-typography-accent-font-family ), Sans-serif;font-weight:var( --e-global-typography-accent-font-weight );background-color:var( --e-global-color-accent );}.elementor-287 .elementor-element.elementor-element-56c9e3b .elementor-button{padding:10px 10px 10px 10px;}@media(min-width:768px){.elementor-287 .elementor-element.elementor-element-a333650{--width:100%;}}<\/style>\t\t<div data-elementor-type=\"loop-item\" data-elementor-id=\"287\" class=\"elementor elementor-287 e-loop-item e-loop-item-273 post-273 post type-post status-publish format-standard has-post-thumbnail hentry category-formacion-medica\" data-elementor-post-type=\"elementor_library\" data-custom-edit-handle=\"1\">\n\t\t\t<div class=\"elementor-element elementor-element-a333650 e-con-full e-flex e-con e-parent\" data-id=\"a333650\" data-element_type=\"container\" data-e-type=\"container\">\n\t\t\t\t<div class=\"elementor-element elementor-element-f3cc477 elementor-widget elementor-widget-theme-post-featured-image elementor-widget-image\" data-id=\"f3cc477\" data-element_type=\"widget\" data-e-type=\"widget\" data-widget_type=\"theme-post-featured-image.default\">\n\t\t\t\t<div class=\"elementor-widget-container\">\n\t\t\t\t\t\t\t\t\t\t\t\t\t\t\t<img fetchpriority=\"high\" decoding=\"async\" width=\"820\" height=\"320\" src=\"https:\/\/kalispera.net\/wp-content\/uploads\/2023\/11\/posters3_v2.jpg\" class=\"attachment-full size-full wp-image-267\" alt=\"\" srcset=\"https:\/\/kalispera.net\/wp-content\/uploads\/2023\/11\/posters3_v2.jpg 820w, https:\/\/kalispera.net\/wp-content\/uploads\/2023\/11\/posters3_v2-300x117.jpg 300w, https:\/\/kalispera.net\/wp-content\/uploads\/2023\/11\/posters3_v2-768x300.jpg 768w, https:\/\/kalispera.net\/wp-content\/uploads\/2023\/11\/posters3_v2-18x7.jpg 18w\" sizes=\"(max-width: 820px) 100vw, 820px\" \/>\t\t\t\t\t\t\t\t\t\t\t\t\t\t\t<\/div>\n\t\t\t\t<\/div>\n\t\t\t\t<div class=\"elementor-element elementor-element-f2e21a9 elementor-widget elementor-widget-theme-post-title elementor-page-title elementor-widget-heading\" data-id=\"f2e21a9\" data-element_type=\"widget\" data-e-type=\"widget\" data-widget_type=\"theme-post-title.default\">\n\t\t\t\t<div class=\"elementor-widget-container\">\n\t\t\t\t\t<h2 class=\"elementor-heading-title elementor-size-default\"><a href=\"https:\/\/kalispera.net\/es\/blog\/que-nos-pide-el-medico-formacion-medica-continuada-en-competencias-transversales\/\">\u00bfQu\u00e9 nos pide el m\u00e9dico? Formaci\u00f3n m\u00e9dica continuada en competencias transversales<\/a><\/h2>\t\t\t\t<\/div>\n\t\t\t\t<\/div>\n\t\t\t\t<div class=\"elementor-element elementor-element-eda3b7a elementor-widget elementor-widget-theme-post-excerpt\" data-id=\"eda3b7a\" data-element_type=\"widget\" data-e-type=\"widget\" data-widget_type=\"theme-post-excerpt.default\">\n\t\t\t\t<div class=\"elementor-widget-container\">\n\t\t\t\t\t<p>La formaci\u00f3n en&nbsp;conocimientos y habilidades cient\u00edficas&nbsp;es fundamental en Medicina &#8211; y aqu\u00ed incluyo las habilidades comunicativas, tanto con el paciente...\t\t\t\t<\/div>\n\t\t\t\t<\/div>\n\t\t\t\t<div class=\"elementor-element elementor-element-56c9e3b elementor-align-right elementor-widget elementor-widget-button\" data-id=\"56c9e3b\" data-element_type=\"widget\" data-e-type=\"widget\" data-widget_type=\"button.default\">\n\t\t\t\t<div class=\"elementor-widget-container\">\n\t\t\t\t\t\t\t\t\t<div class=\"elementor-button-wrapper\">\n\t\t\t\t\t<a class=\"elementor-button elementor-button-link elementor-size-sm\" href=\"https:\/\/kalispera.net\/es\/blog\/que-nos-pide-el-medico-formacion-medica-continuada-en-competencias-transversales\/\">\n\t\t\t\t\t\t<span class=\"elementor-button-content-wrapper\">\n\t\t\t\t\t\t\t\t\t<span class=\"elementor-button-text\">Leer m\u00e1s<\/span>\n\t\t\t\t\t<\/span>\n\t\t\t\t\t<\/a>\n\t\t\t\t<\/div>\n\t\t\t\t\t\t\t\t<\/div>\n\t\t\t\t<\/div>\n\t\t\t\t<\/div>\n\t\t\t\t<\/div>\n\t\t\t\t<div data-elementor-type=\"loop-item\" data-elementor-id=\"287\" class=\"elementor elementor-287 e-loop-item e-loop-item-271 post-271 post type-post status-publish format-standard has-post-thumbnail hentry category-formacion-medica\" data-elementor-post-type=\"elementor_library\" data-custom-edit-handle=\"1\">\n\t\t\t<div class=\"elementor-element elementor-element-a333650 e-con-full e-flex e-con e-parent\" data-id=\"a333650\" data-element_type=\"container\" data-e-type=\"container\">\n\t\t\t\t<div class=\"elementor-element elementor-element-f3cc477 elementor-widget elementor-widget-theme-post-featured-image elementor-widget-image\" data-id=\"f3cc477\" data-element_type=\"widget\" data-e-type=\"widget\" data-widget_type=\"theme-post-featured-image.default\">\n\t\t\t\t<div class=\"elementor-widget-container\">\n\t\t\t\t\t\t\t\t\t\t\t\t\t\t\t<img decoding=\"async\" width=\"820\" height=\"320\" src=\"https:\/\/kalispera.net\/wp-content\/uploads\/2023\/11\/depositphotos_170987002_original.jpg\" class=\"attachment-full size-full wp-image-268\" alt=\"\" srcset=\"https:\/\/kalispera.net\/wp-content\/uploads\/2023\/11\/depositphotos_170987002_original.jpg 820w, https:\/\/kalispera.net\/wp-content\/uploads\/2023\/11\/depositphotos_170987002_original-300x117.jpg 300w, https:\/\/kalispera.net\/wp-content\/uploads\/2023\/11\/depositphotos_170987002_original-768x300.jpg 768w, https:\/\/kalispera.net\/wp-content\/uploads\/2023\/11\/depositphotos_170987002_original-18x7.jpg 18w\" sizes=\"(max-width: 820px) 100vw, 820px\" \/>\t\t\t\t\t\t\t\t\t\t\t\t\t\t\t<\/div>\n\t\t\t\t<\/div>\n\t\t\t\t<div class=\"elementor-element elementor-element-f2e21a9 elementor-widget elementor-widget-theme-post-title elementor-page-title elementor-widget-heading\" data-id=\"f2e21a9\" data-element_type=\"widget\" data-e-type=\"widget\" data-widget_type=\"theme-post-title.default\">\n\t\t\t\t<div class=\"elementor-widget-container\">\n\t\t\t\t\t<h2 class=\"elementor-heading-title elementor-size-default\"><a href=\"https:\/\/kalispera.net\/es\/blog\/diseno-instruccional-en-formacion-continuada-de-que-hablamos\/\">Dise\u00f1o instruccional en formaci\u00f3n continuada, \u00bfde qu\u00e9 hablamos?<\/a><\/h2>\t\t\t\t<\/div>\n\t\t\t\t<\/div>\n\t\t\t\t<div class=\"elementor-element elementor-element-eda3b7a elementor-widget elementor-widget-theme-post-excerpt\" data-id=\"eda3b7a\" data-element_type=\"widget\" data-e-type=\"widget\" data-widget_type=\"theme-post-excerpt.default\">\n\t\t\t\t<div class=\"elementor-widget-container\">\n\t\t\t\t\t<p>El&nbsp;dise\u00f1o instruccional, el&nbsp;elemento clave en la eficiencia de las acciones formativas, es la metodolog\u00eda que rige en el&nbsp;Campus Kalispera. Lo...\t\t\t\t<\/div>\n\t\t\t\t<\/div>\n\t\t\t\t<div class=\"elementor-element elementor-element-56c9e3b elementor-align-right elementor-widget elementor-widget-button\" data-id=\"56c9e3b\" data-element_type=\"widget\" data-e-type=\"widget\" data-widget_type=\"button.default\">\n\t\t\t\t<div class=\"elementor-widget-container\">\n\t\t\t\t\t\t\t\t\t<div class=\"elementor-button-wrapper\">\n\t\t\t\t\t<a class=\"elementor-button elementor-button-link elementor-size-sm\" href=\"https:\/\/kalispera.net\/es\/blog\/diseno-instruccional-en-formacion-continuada-de-que-hablamos\/\">\n\t\t\t\t\t\t<span class=\"elementor-button-content-wrapper\">\n\t\t\t\t\t\t\t\t\t<span class=\"elementor-button-text\">Leer m\u00e1s<\/span>\n\t\t\t\t\t<\/span>\n\t\t\t\t\t<\/a>\n\t\t\t\t<\/div>\n\t\t\t\t\t\t\t\t<\/div>\n\t\t\t\t<\/div>\n\t\t\t\t<\/div>\n\t\t\t\t<\/div>\n\t\t\t\t<div data-elementor-type=\"loop-item\" data-elementor-id=\"287\" class=\"elementor elementor-287 e-loop-item e-loop-item-266 post-266 post type-post status-publish format-standard has-post-thumbnail hentry category-contenidos-medicos category-marketing-de-contenidos\" data-elementor-post-type=\"elementor_library\" data-custom-edit-handle=\"1\">\n\t\t\t<div class=\"elementor-element elementor-element-a333650 e-con-full e-flex e-con e-parent\" data-id=\"a333650\" data-element_type=\"container\" data-e-type=\"container\">\n\t\t\t\t<div class=\"elementor-element elementor-element-f3cc477 elementor-widget elementor-widget-theme-post-featured-image elementor-widget-image\" data-id=\"f3cc477\" data-element_type=\"widget\" data-e-type=\"widget\" data-widget_type=\"theme-post-featured-image.default\">\n\t\t\t\t<div class=\"elementor-widget-container\">\n\t\t\t\t\t\t\t\t\t\t\t\t\t\t\t<img decoding=\"async\" width=\"820\" height=\"320\" src=\"https:\/\/kalispera.net\/wp-content\/uploads\/2023\/11\/regar-con-contenido-de-calidad_820_web_0.jpg\" class=\"attachment-full size-full wp-image-269\" alt=\"\" srcset=\"https:\/\/kalispera.net\/wp-content\/uploads\/2023\/11\/regar-con-contenido-de-calidad_820_web_0.jpg 820w, https:\/\/kalispera.net\/wp-content\/uploads\/2023\/11\/regar-con-contenido-de-calidad_820_web_0-300x117.jpg 300w, https:\/\/kalispera.net\/wp-content\/uploads\/2023\/11\/regar-con-contenido-de-calidad_820_web_0-768x300.jpg 768w, https:\/\/kalispera.net\/wp-content\/uploads\/2023\/11\/regar-con-contenido-de-calidad_820_web_0-18x7.jpg 18w\" sizes=\"(max-width: 820px) 100vw, 820px\" \/>\t\t\t\t\t\t\t\t\t\t\t\t\t\t\t<\/div>\n\t\t\t\t<\/div>\n\t\t\t\t<div class=\"elementor-element elementor-element-f2e21a9 elementor-widget elementor-widget-theme-post-title elementor-page-title elementor-widget-heading\" data-id=\"f2e21a9\" data-element_type=\"widget\" data-e-type=\"widget\" data-widget_type=\"theme-post-title.default\">\n\t\t\t\t<div class=\"elementor-widget-container\">\n\t\t\t\t\t<h2 class=\"elementor-heading-title elementor-size-default\"><a href=\"https:\/\/kalispera.net\/es\/blog\/contenido-de-valor-la-clave-en-los-resultados-en-redes-el-pasado-ano\/\">Contenido de valor: la clave en los resultados en Redes el pasado a\u00f1o<\/a><\/h2>\t\t\t\t<\/div>\n\t\t\t\t<\/div>\n\t\t\t\t<div class=\"elementor-element elementor-element-eda3b7a elementor-widget elementor-widget-theme-post-excerpt\" data-id=\"eda3b7a\" data-element_type=\"widget\" data-e-type=\"widget\" data-widget_type=\"theme-post-excerpt.default\">\n\t\t\t\t<div class=\"elementor-widget-container\">\n\t\t\t\t\t<p>Por octavo a\u00f1o consecutivo, se public\u00f3 en diciembre de 2016 el informe del&nbsp;Observatorio de Redes Sociales de \u00abThe cocktail analysis\u00bb,...\t\t\t\t<\/div>\n\t\t\t\t<\/div>\n\t\t\t\t<div class=\"elementor-element elementor-element-56c9e3b elementor-align-right elementor-widget elementor-widget-button\" data-id=\"56c9e3b\" data-element_type=\"widget\" data-e-type=\"widget\" data-widget_type=\"button.default\">\n\t\t\t\t<div class=\"elementor-widget-container\">\n\t\t\t\t\t\t\t\t\t<div class=\"elementor-button-wrapper\">\n\t\t\t\t\t<a class=\"elementor-button elementor-button-link elementor-size-sm\" href=\"https:\/\/kalispera.net\/es\/blog\/contenido-de-valor-la-clave-en-los-resultados-en-redes-el-pasado-ano\/\">\n\t\t\t\t\t\t<span class=\"elementor-button-content-wrapper\">\n\t\t\t\t\t\t\t\t\t<span class=\"elementor-button-text\">Leer m\u00e1s<\/span>\n\t\t\t\t\t<\/span>\n\t\t\t\t\t<\/a>\n\t\t\t\t<\/div>\n\t\t\t\t\t\t\t\t<\/div>\n\t\t\t\t<\/div>\n\t\t\t\t<\/div>\n\t\t\t\t<\/div>\n\t\t\t\t<\/div>\n\t\t\n\t\t\t\t<div class=\"e-load-more-anchor\" data-page=\"1\" data-max-page=\"7\" data-next-page=\"https:\/\/kalispera.net\/es\/wp-json\/wp\/v2\/pages\/38\/page\/2\/\"><\/div>\n\t\t\t\t<nav class=\"elementor-pagination\" aria-label=\"Paginaci\u00f3n\">\n\t\t\t<span class=\"page-numbers prev\">Anterior<\/span>\n<span aria-current=\"page\" class=\"page-numbers current\"><span class=\"elementor-screen-only\">P\u00e1gina<\/span>1<\/span>\n<a class=\"page-numbers\" href=\"https:\/\/kalispera.net\/es\/wp-json\/wp\/v2\/pages\/38\/page\/2\/\"><span class=\"elementor-screen-only\">P\u00e1gina<\/span>2<\/a>\n<a class=\"page-numbers\" href=\"https:\/\/kalispera.net\/es\/wp-json\/wp\/v2\/pages\/38\/page\/3\/\"><span class=\"elementor-screen-only\">P\u00e1gina<\/span>3<\/a>\n<a class=\"page-numbers\" href=\"https:\/\/kalispera.net\/es\/wp-json\/wp\/v2\/pages\/38\/page\/4\/\"><span class=\"elementor-screen-only\">P\u00e1gina<\/span>4<\/a>\n<a class=\"page-numbers\" href=\"https:\/\/kalispera.net\/es\/wp-json\/wp\/v2\/pages\/38\/page\/5\/\"><span class=\"elementor-screen-only\">P\u00e1gina<\/span>5<\/a>\n<a class=\"page-numbers\" href=\"https:\/\/kalispera.net\/es\/wp-json\/wp\/v2\/pages\/38\/page\/6\/\"><span class=\"elementor-screen-only\">P\u00e1gina<\/span>6<\/a>\n<a class=\"page-numbers\" href=\"https:\/\/kalispera.net\/es\/wp-json\/wp\/v2\/pages\/38\/page\/7\/\"><span class=\"elementor-screen-only\">P\u00e1gina<\/span>7<\/a>\n<a class=\"page-numbers next\" href=\"https:\/\/kalispera.net\/es\/wp-json\/wp\/v2\/pages\/38\/page\/2\/\">Siguiente<\/a>\t\t<\/nav>\n\t\t\t\t\t\t<\/div>\n\t\t\t\t<\/div>\n\t\t\t\t<\/div>\n\t\t<div class=\"elementor-element elementor-element-ccf71f8 e-con-full e-flex e-con e-child\" data-id=\"ccf71f8\" data-element_type=\"container\" data-e-type=\"container\">\n\t\t\t\t<div class=\"elementor-element elementor-element-38a4553 elementor-widget elementor-widget-heading\" data-id=\"38a4553\" data-element_type=\"widget\" data-e-type=\"widget\" data-widget_type=\"heading.default\">\n\t\t\t\t<div class=\"elementor-widget-container\">\n\t\t\t\t\t<h2 class=\"elementor-heading-title elementor-size-default\">\u00bfQui\u00e9nes somos?<\/h2>\t\t\t\t<\/div>\n\t\t\t\t<\/div>\n\t\t\t\t<div class=\"elementor-element elementor-element-839f9dd elementor-widget elementor-widget-heading\" data-id=\"839f9dd\" data-element_type=\"widget\" data-e-type=\"widget\" data-widget_type=\"heading.default\">\n\t\t\t\t<div class=\"elementor-widget-container\">\n\t\t\t\t\t<h4 class=\"elementor-heading-title elementor-size-default\">Somos una empresa de profesionales m\u00e9dico-sanitarios dedicados a la redacci\u00f3n de textos m\u00e9dicos y a la comunicaci\u00f3n m\u00e9dica. Escribimos por encargo contenidos m\u00e9dicos y de salud relevantes, diferenciados y de calidad. <em>Marketing<\/em> de contenidos.<\/h4>\t\t\t\t<\/div>\n\t\t\t\t<\/div>\n\t\t\t\t<div class=\"elementor-element elementor-element-1bb9fd7 elementor-widget elementor-widget-heading\" data-id=\"1bb9fd7\" data-element_type=\"widget\" data-e-type=\"widget\" data-widget_type=\"heading.default\">\n\t\t\t\t<div class=\"elementor-widget-container\">\n\t\t\t\t\t<h2 class=\"elementor-heading-title elementor-size-default\">Categor\u00edas<\/h2>\t\t\t\t<\/div>\n\t\t\t\t<\/div>\n\t\t\t\t<div class=\"elementor-element elementor-element-d9d1fac elementor-widget elementor-widget-wp-widget-categories\" data-id=\"d9d1fac\" data-element_type=\"widget\" data-e-type=\"widget\" data-widget_type=\"wp-widget-categories.default\">\n\t\t\t\t<div class=\"elementor-widget-container\">\n\t\t\t\t\t<h5>Categor\u00edas<\/h5><nav aria-label=\"Categor\u00edas\">\n\t\t\t<ul>\n\t\t\t\t\t<li class=\"cat-item cat-item-7\"><a href=\"https:\/\/kalispera.net\/es\/category\/contenidos-medicos\/\">Contenidos m\u00e9dicos<\/a>\n<\/li>\n\t<li class=\"cat-item cat-item-10\"><a href=\"https:\/\/kalispera.net\/es\/category\/experiencias-en-esalud\/\">Experiencias en eSalud<\/a>\n<\/li>\n\t<li class=\"cat-item cat-item-11\"><a href=\"https:\/\/kalispera.net\/es\/category\/formacion-medica\/\">Formaci\u00f3n m\u00e9dica<\/a>\n<\/li>\n\t<li class=\"cat-item cat-item-9\"><a href=\"https:\/\/kalispera.net\/es\/category\/it-seo-social-media\/\">IT &amp; SEO &amp; Social Media<\/a>\n<\/li>\n\t<li class=\"cat-item cat-item-8\"><a href=\"https:\/\/kalispera.net\/es\/category\/marketing-de-contenidos\/\">Marketing de contenidos<\/a>\n<\/li>\n\t<li class=\"cat-item cat-item-6\"><a href=\"https:\/\/kalispera.net\/es\/category\/redaccion-medica\/\">Redacci\u00f3n m\u00e9dica<\/a>\n<\/li>\n\t\t\t<\/ul>\n\n\t\t\t<\/nav>\t\t\t\t<\/div>\n\t\t\t\t<\/div>\n\t\t\t\t<\/div>\n\t\t\t\t\t<\/div>\n\t\t\t\t<\/div>\n\t\t\t\t<\/div>\n\t\t","protected":false},"excerpt":{"rendered":"<p>\u00bfQui\u00e9nes somos? Somos una empresa de profesionales m\u00e9dico-sanitarios dedicados a la redacci\u00f3n de textos m\u00e9dicos y a la comunicaci\u00f3n m\u00e9dica. Escribimos por encargo contenidos m\u00e9dicos y de salud relevantes, diferenciados y de calidad. Marketing de contenidos. Categor\u00edas<\/p>\n","protected":false},"author":1,"featured_media":0,"parent":0,"menu_order":0,"comment_status":"closed","ping_status":"closed","template":"elementor_header_footer","meta":{"footnotes":""},"class_list":["post-38","page","type-page","status-publish","hentry"],"yoast_head":"<!-- This site is optimized with the Yoast SEO plugin v27.5 - https:\/\/yoast.com\/product\/yoast-seo-wordpress\/ -->\n<title>Blog - Kalispera Medical Writing<\/title>\n<meta name=\"robots\" content=\"index, follow, max-snippet:-1, max-image-preview:large, max-video-preview:-1\" \/>\n<link rel=\"canonical\" href=\"https:\/\/kalispera.net\/es\/blog\/\" \/>\n<meta property=\"og:locale\" content=\"es_ES\" \/>\n<meta property=\"og:type\" content=\"article\" \/>\n<meta property=\"og:title\" content=\"Blog - Kalispera Medical Writing\" \/>\n<meta property=\"og:description\" content=\"\u00bfQui\u00e9nes somos? Somos una empresa de profesionales m\u00e9dico-sanitarios dedicados a la redacci\u00f3n de textos m\u00e9dicos y a la comunicaci\u00f3n m\u00e9dica. Escribimos por encargo contenidos m\u00e9dicos y de salud relevantes, diferenciados y de calidad. Marketing de contenidos. Categor\u00edas\" \/>\n<meta property=\"og:url\" content=\"https:\/\/kalispera.net\/es\/blog\/\" \/>\n<meta property=\"og:site_name\" content=\"Kalispera Medical Writing\" \/>\n<meta property=\"article:modified_time\" content=\"2023-11-16T02:10:28+00:00\" \/>\n<meta name=\"twitter:card\" content=\"summary_large_image\" \/>\n<script type=\"application\/ld+json\" class=\"yoast-schema-graph\">{\"@context\":\"https:\\\/\\\/schema.org\",\"@graph\":[{\"@type\":\"WebPage\",\"@id\":\"https:\\\/\\\/kalispera.net\\\/es\\\/blog\\\/\",\"url\":\"https:\\\/\\\/kalispera.net\\\/es\\\/blog\\\/\",\"name\":\"Blog - Kalispera Medical Writing\",\"isPartOf\":{\"@id\":\"https:\\\/\\\/kalispera.net\\\/es\\\/#website\"},\"datePublished\":\"2023-11-13T02:48:57+00:00\",\"dateModified\":\"2023-11-16T02:10:28+00:00\",\"breadcrumb\":{\"@id\":\"https:\\\/\\\/kalispera.net\\\/es\\\/blog\\\/#breadcrumb\"},\"inLanguage\":\"es\",\"potentialAction\":[{\"@type\":\"ReadAction\",\"target\":[\"https:\\\/\\\/kalispera.net\\\/es\\\/blog\\\/\"]}]},{\"@type\":\"BreadcrumbList\",\"@id\":\"https:\\\/\\\/kalispera.net\\\/es\\\/blog\\\/#breadcrumb\",\"itemListElement\":[{\"@type\":\"ListItem\",\"position\":1,\"name\":\"Portada\",\"item\":\"https:\\\/\\\/kalispera.net\\\/es\\\/\"},{\"@type\":\"ListItem\",\"position\":2,\"name\":\"Blog\"}]},{\"@type\":\"WebSite\",\"@id\":\"https:\\\/\\\/kalispera.net\\\/es\\\/#website\",\"url\":\"https:\\\/\\\/kalispera.net\\\/es\\\/\",\"name\":\"Kalispera Medical Writing\",\"description\":\"Contenidos M\u00e9dicos\",\"potentialAction\":[{\"@type\":\"SearchAction\",\"target\":{\"@type\":\"EntryPoint\",\"urlTemplate\":\"https:\\\/\\\/kalispera.net\\\/es\\\/?s={search_term_string}\"},\"query-input\":{\"@type\":\"PropertyValueSpecification\",\"valueRequired\":true,\"valueName\":\"search_term_string\"}}],\"inLanguage\":\"es\"}]}<\/script>\n<!-- \/ Yoast SEO plugin. -->","yoast_head_json":{"title":"Blog - Kalispera Medical Writing","robots":{"index":"index","follow":"follow","max-snippet":"max-snippet:-1","max-image-preview":"max-image-preview:large","max-video-preview":"max-video-preview:-1"},"canonical":"https:\/\/kalispera.net\/es\/blog\/","og_locale":"es_ES","og_type":"article","og_title":"Blog - Kalispera Medical Writing","og_description":"\u00bfQui\u00e9nes somos? Somos una empresa de profesionales m\u00e9dico-sanitarios dedicados a la redacci\u00f3n de textos m\u00e9dicos y a la comunicaci\u00f3n m\u00e9dica. Escribimos por encargo contenidos m\u00e9dicos y de salud relevantes, diferenciados y de calidad. Marketing de contenidos. Categor\u00edas","og_url":"https:\/\/kalispera.net\/es\/blog\/","og_site_name":"Kalispera Medical Writing","article_modified_time":"2023-11-16T02:10:28+00:00","twitter_card":"summary_large_image","schema":{"@context":"https:\/\/schema.org","@graph":[{"@type":"WebPage","@id":"https:\/\/kalispera.net\/es\/blog\/","url":"https:\/\/kalispera.net\/es\/blog\/","name":"Blog - Kalispera Medical Writing","isPartOf":{"@id":"https:\/\/kalispera.net\/es\/#website"},"datePublished":"2023-11-13T02:48:57+00:00","dateModified":"2023-11-16T02:10:28+00:00","breadcrumb":{"@id":"https:\/\/kalispera.net\/es\/blog\/#breadcrumb"},"inLanguage":"es","potentialAction":[{"@type":"ReadAction","target":["https:\/\/kalispera.net\/es\/blog\/"]}]},{"@type":"BreadcrumbList","@id":"https:\/\/kalispera.net\/es\/blog\/#breadcrumb","itemListElement":[{"@type":"ListItem","position":1,"name":"Portada","item":"https:\/\/kalispera.net\/es\/"},{"@type":"ListItem","position":2,"name":"Blog"}]},{"@type":"WebSite","@id":"https:\/\/kalispera.net\/es\/#website","url":"https:\/\/kalispera.net\/es\/","name":"Kalispera Medical Writing","description":"Contenidos M\u00e9dicos","potentialAction":[{"@type":"SearchAction","target":{"@type":"EntryPoint","urlTemplate":"https:\/\/kalispera.net\/es\/?s={search_term_string}"},"query-input":{"@type":"PropertyValueSpecification","valueRequired":true,"valueName":"search_term_string"}}],"inLanguage":"es"}]}},"_links":{"self":[{"href":"https:\/\/kalispera.net\/es\/wp-json\/wp\/v2\/pages\/38","targetHints":{"allow":["GET"]}}],"collection":[{"href":"https:\/\/kalispera.net\/es\/wp-json\/wp\/v2\/pages"}],"about":[{"href":"https:\/\/kalispera.net\/es\/wp-json\/wp\/v2\/types\/page"}],"author":[{"embeddable":true,"href":"https:\/\/kalispera.net\/es\/wp-json\/wp\/v2\/users\/1"}],"replies":[{"embeddable":true,"href":"https:\/\/kalispera.net\/es\/wp-json\/wp\/v2\/comments?post=38"}],"version-history":[{"count":19,"href":"https:\/\/kalispera.net\/es\/wp-json\/wp\/v2\/pages\/38\/revisions"}],"predecessor-version":[{"id":315,"href":"https:\/\/kalispera.net\/es\/wp-json\/wp\/v2\/pages\/38\/revisions\/315"}],"wp:attachment":[{"href":"https:\/\/kalispera.net\/es\/wp-json\/wp\/v2\/media?parent=38"}],"curies":[{"name":"wp","href":"https:\/\/api.w.org\/{rel}","templated":true}]}}