{"id":32,"date":"2023-11-13T02:47:55","date_gmt":"2023-11-13T02:47:55","guid":{"rendered":"https:\/\/wp.formacionkalispera.net\/?page_id=32"},"modified":"2026-04-09T16:43:41","modified_gmt":"2026-04-09T16:43:41","slug":"publicaciones-cientificas","status":"publish","type":"page","link":"https:\/\/kalispera.net\/es\/publicaciones-cientificas\/","title":{"rendered":"Publicaciones Cient\u00edficas"},"content":{"rendered":"\t\t<div data-elementor-type=\"wp-page\" data-elementor-id=\"32\" class=\"elementor elementor-32\" data-elementor-post-type=\"page\">\n\t\t\t\t<div class=\"elementor-element elementor-element-fea0852 e-flex e-con-boxed e-con e-parent\" data-id=\"fea0852\" data-element_type=\"container\" data-e-type=\"container\" data-settings=\"{&quot;background_background&quot;:&quot;classic&quot;}\">\n\t\t\t\t\t<div class=\"e-con-inner\">\n\t\t\t\t<div class=\"elementor-element elementor-element-27a4835 elementor-widget elementor-widget-spacer\" data-id=\"27a4835\" data-element_type=\"widget\" data-e-type=\"widget\" data-widget_type=\"spacer.default\">\n\t\t\t\t<div class=\"elementor-widget-container\">\n\t\t\t\t\t\t\t<div class=\"elementor-spacer\">\n\t\t\t<div class=\"elementor-spacer-inner\"><\/div>\n\t\t<\/div>\n\t\t\t\t\t\t<\/div>\n\t\t\t\t<\/div>\n\t\t\t\t\t<\/div>\n\t\t\t\t<\/div>\n\t\t<div class=\"elementor-element elementor-element-5f6a3f4 e-flex e-con-boxed e-con e-parent\" data-id=\"5f6a3f4\" data-element_type=\"container\" data-e-type=\"container\">\n\t\t\t\t\t<div class=\"e-con-inner\">\n\t\t\t\t<div class=\"elementor-element elementor-element-b386706 elementor-widget elementor-widget-heading\" data-id=\"b386706\" data-element_type=\"widget\" data-e-type=\"widget\" data-widget_type=\"heading.default\">\n\t\t\t\t<div class=\"elementor-widget-container\">\n\t\t\t\t\t<h2 class=\"elementor-heading-title elementor-size-default\"><strong>Publicaciones <\/strong> Cient\u00edficas<\/h2>\t\t\t\t<\/div>\n\t\t\t\t<\/div>\n\t\t\t\t<div class=\"elementor-element elementor-element-b8b8e4a elementor-widget elementor-widget-heading\" data-id=\"b8b8e4a\" data-element_type=\"widget\" data-e-type=\"widget\" data-widget_type=\"heading.default\">\n\t\t\t\t<div class=\"elementor-widget-container\">\n\t\t\t\t\t<h2 class=\"elementor-heading-title elementor-size-default\">En nuestro equipo tenemos expertos de redacci\u00f3n cient\u00edfica de alto nivel, con una elevada proporci\u00f3n de art\u00edculos publicados en revistas cient\u00edficas de revisi\u00f3n por pares. En espa\u00f1ol y en ingl\u00e9s.<\/h2>\t\t\t\t<\/div>\n\t\t\t\t<\/div>\n\t\t\t\t<div class=\"elementor-element elementor-element-ec41998 elementor-widget elementor-widget-text-editor\" data-id=\"ec41998\" data-element_type=\"widget\" data-e-type=\"widget\" data-widget_type=\"text-editor.default\">\n\t\t\t\t<div class=\"elementor-widget-container\">\n\t\t\t\t\t\t\t\t\t<p>Art\u00edculos originales, art\u00edculos de revisi\u00f3n, cartas al editor, informes cl\u00ednicos&#8230; Somos profesionales preparados para comprender y redactar textos biom\u00e9dicos de forma coherente. A la formaci\u00f3n en farmacolog\u00eda, biolog\u00eda y medicina sumamos el uso correcto del lenguaje cient\u00edfico escrito (t\u00e9cnica y gramaticalmente) y la experiencia.<\/p><p>Es importante escribir un art\u00edculo cient\u00edfico; pero m\u00e1s importante es tener posibilidades de que se publique en revistas cient\u00edficas. Adem\u00e1s de nuestra experiencia en publicaciones indexadas, somos expertos en el manejo de la bibliograf\u00eda y del uso de las pol\u00edticas de citaci\u00f3n correctas; tambi\u00e9n enriquecemos los informes estad\u00edsticos de estudios observacionales aportando la interpretaci\u00f3n, discusi\u00f3n y conclusiones cl\u00ednicas.<\/p>\t\t\t\t\t\t\t\t<\/div>\n\t\t\t\t<\/div>\n\t\t\t\t\t<\/div>\n\t\t\t\t<\/div>\n\t\t<div class=\"elementor-element elementor-element-5eb075e e-flex e-con-boxed e-con e-parent\" data-id=\"5eb075e\" data-element_type=\"container\" data-e-type=\"container\">\n\t\t\t\t\t<div class=\"e-con-inner\">\n\t\t\t\t<div class=\"elementor-element elementor-element-06ed24f elementor-widget elementor-widget-html\" data-id=\"06ed24f\" data-element_type=\"widget\" data-e-type=\"widget\" data-widget_type=\"html.default\">\n\t\t\t\t<div class=\"elementor-widget-container\">\n\t\t\t\t\t<hr>\t\t\t\t<\/div>\n\t\t\t\t<\/div>\n\t\t\t\t\t<\/div>\n\t\t\t\t<\/div>\n\t\t<div class=\"elementor-element elementor-element-fd813e2 e-flex e-con-boxed e-con e-parent\" data-id=\"fd813e2\" data-element_type=\"container\" data-e-type=\"container\">\n\t\t\t\t\t<div class=\"e-con-inner\">\n\t\t<div class=\"elementor-element elementor-element-a248501 e-flex e-con-boxed e-con e-child\" data-id=\"a248501\" data-element_type=\"container\" data-e-type=\"container\">\n\t\t\t\t\t<div class=\"e-con-inner\">\n\t\t\t\t<div class=\"elementor-element elementor-element-13f3e43 elementor-widget elementor-widget-heading\" data-id=\"13f3e43\" data-element_type=\"widget\" data-e-type=\"widget\" data-widget_type=\"heading.default\">\n\t\t\t\t<div class=\"elementor-widget-container\">\n\t\t\t\t\t<h2 class=\"elementor-heading-title elementor-size-default\">EN DEFINITIVA:<\/h2>\t\t\t\t<\/div>\n\t\t\t\t<\/div>\n\t\t<div class=\"elementor-element elementor-element-1ffc127 e-flex e-con-boxed e-con e-child\" data-id=\"1ffc127\" data-element_type=\"container\" data-e-type=\"container\">\n\t\t\t\t\t<div class=\"e-con-inner\">\n\t\t<div class=\"elementor-element elementor-element-9af5638 e-flex e-con-boxed e-con e-child\" data-id=\"9af5638\" data-element_type=\"container\" data-e-type=\"container\" data-settings=\"{&quot;background_background&quot;:&quot;classic&quot;}\">\n\t\t\t\t\t<div class=\"e-con-inner\">\n\t\t\t\t<div class=\"elementor-element elementor-element-49181ae elementor-widget elementor-widget-image\" data-id=\"49181ae\" data-element_type=\"widget\" data-e-type=\"widget\" data-widget_type=\"image.default\">\n\t\t\t\t<div class=\"elementor-widget-container\">\n\t\t\t\t\t\t\t\t\t\t\t\t\t\t\t<img fetchpriority=\"high\" decoding=\"async\" width=\"300\" height=\"169\" src=\"https:\/\/kalispera.net\/wp-content\/uploads\/2023\/11\/Publicaciones.jpg\" class=\"attachment-full size-full wp-image-107\" alt=\"\" \/>\t\t\t\t\t\t\t\t\t\t\t\t\t\t\t<\/div>\n\t\t\t\t<\/div>\n\t\t\t\t<div class=\"elementor-element elementor-element-f7bda2d elementor-widget elementor-widget-heading\" data-id=\"f7bda2d\" data-element_type=\"widget\" data-e-type=\"widget\" data-widget_type=\"heading.default\">\n\t\t\t\t<div class=\"elementor-widget-container\">\n\t\t\t\t\t<h2 class=\"elementor-heading-title elementor-size-default\">Somos proveedores de <i>medical writing<\/i> y documentaci\u00f3n de apoyo para los departamentos m\u00e9dicos.<\/h2>\t\t\t\t<\/div>\n\t\t\t\t<\/div>\n\t\t\t\t\t<\/div>\n\t\t\t\t<\/div>\n\t\t<div class=\"elementor-element elementor-element-88988f3 e-flex e-con-boxed e-con e-child\" data-id=\"88988f3\" data-element_type=\"container\" data-e-type=\"container\" data-settings=\"{&quot;background_background&quot;:&quot;classic&quot;}\">\n\t\t\t\t\t<div class=\"e-con-inner\">\n\t\t\t\t<div class=\"elementor-element elementor-element-5dac75c elementor-widget elementor-widget-heading\" data-id=\"5dac75c\" data-element_type=\"widget\" data-e-type=\"widget\" data-widget_type=\"heading.default\">\n\t\t\t\t<div class=\"elementor-widget-container\">\n\t\t\t\t\t<h2 class=\"elementor-heading-title elementor-size-default\">Publicaciones Cient\u00edficas<\/h2>\t\t\t\t<\/div>\n\t\t\t\t<\/div>\n\t\t\t\t<div class=\"elementor-element elementor-element-5a754e6 elementor-widget elementor-widget-text-editor\" data-id=\"5a754e6\" data-element_type=\"widget\" data-e-type=\"widget\" data-widget_type=\"text-editor.default\">\n\t\t\t\t<div class=\"elementor-widget-container\">\n\t\t\t\t\t\t\t\t\t<p>Redactamos art\u00edculos para revistas cient\u00edficas, informes cl\u00ednicos,\u00a0<em>clinical reviews<\/em>, discusiones y conclusiones cl\u00ednicas de estudios estad\u00edsticos, documentos de apoyo, presentaciones a congresos, as\u00ed como b\u00fasquedas y revisiones bibliogr\u00e1ficas para respaldar cient\u00edficamente los productos e identificar <em>claims<\/em>.<\/p><p><strong>Solo trabajamos con los mejores.<\/strong><\/p><p><strong>M\u00e1ximo rigor cient\u00edfico.<\/strong><\/p>\t\t\t\t\t\t\t\t<\/div>\n\t\t\t\t<\/div>\n\t\t\t\t\t<\/div>\n\t\t\t\t<\/div>\n\t\t\t\t\t<\/div>\n\t\t\t\t<\/div>\n\t\t\t\t\t<\/div>\n\t\t\t\t<\/div>\n\t\t\t\t\t<\/div>\n\t\t\t\t<\/div>\n\t\t<div class=\"elementor-element elementor-element-402d1c0 e-flex e-con-boxed e-con e-parent\" data-id=\"402d1c0\" data-element_type=\"container\" data-e-type=\"container\">\n\t\t\t\t\t<div class=\"e-con-inner\">\n\t\t\t\t<div class=\"elementor-element elementor-element-3608506 elementor-widget elementor-widget-html\" data-id=\"3608506\" data-element_type=\"widget\" data-e-type=\"widget\" data-widget_type=\"html.default\">\n\t\t\t\t<div class=\"elementor-widget-container\">\n\t\t\t\t\t<hr>\t\t\t\t<\/div>\n\t\t\t\t<\/div>\n\t\t\t\t\t<\/div>\n\t\t\t\t<\/div>\n\t\t<div class=\"elementor-element elementor-element-692b5f6 e-flex e-con-boxed e-con e-parent\" data-id=\"692b5f6\" data-element_type=\"container\" data-e-type=\"container\">\n\t\t\t\t\t<div class=\"e-con-inner\">\n\t\t\t\t<div class=\"elementor-element elementor-element-b272b7a elementor-widget__width-initial elementor-widget-mobile__width-initial elementor-widget elementor-widget-heading\" data-id=\"b272b7a\" data-element_type=\"widget\" data-e-type=\"widget\" data-widget_type=\"heading.default\">\n\t\t\t\t<div class=\"elementor-widget-container\">\n\t\t\t\t\t<h2 class=\"elementor-heading-title elementor-size-default\">Sabes lo que quieres y c\u00f3mo lo quieres, pero no tienes tiempo para hacerlo t\u00fa mismo. Quieres resultados, y nosotros te los podemos dar. \u00bfHablamos?<\/h2>\t\t\t\t<\/div>\n\t\t\t\t<\/div>\n\t\t\t\t<div class=\"elementor-element elementor-element-70c051d elementor-align-center elementor-widget elementor-widget-button\" data-id=\"70c051d\" data-element_type=\"widget\" data-e-type=\"widget\" data-widget_type=\"button.default\">\n\t\t\t\t<div class=\"elementor-widget-container\">\n\t\t\t\t\t\t\t\t\t<div class=\"elementor-button-wrapper\">\n\t\t\t\t\t<a class=\"elementor-button elementor-button-link elementor-size-sm elementor-animation-pulse\" href=\"https:\/\/www.kalispera.net\/contacto\/\">\n\t\t\t\t\t\t<span class=\"elementor-button-content-wrapper\">\n\t\t\t\t\t\t\t\t\t<span class=\"elementor-button-text\">Contacta con nosotros<\/span>\n\t\t\t\t\t<\/span>\n\t\t\t\t\t<\/a>\n\t\t\t\t<\/div>\n\t\t\t\t\t\t\t\t<\/div>\n\t\t\t\t<\/div>\n\t\t\t\t\t<\/div>\n\t\t\t\t<\/div>\n\t\t<div class=\"elementor-element elementor-element-515465e e-flex e-con-boxed e-con e-parent\" data-id=\"515465e\" data-element_type=\"container\" data-e-type=\"container\">\n\t\t\t\t\t<div class=\"e-con-inner\">\n\t\t\t\t<div class=\"elementor-element elementor-element-c7820d0 elementor-widget elementor-widget-html\" data-id=\"c7820d0\" data-element_type=\"widget\" data-e-type=\"widget\" data-widget_type=\"html.default\">\n\t\t\t\t<div class=\"elementor-widget-container\">\n\t\t\t\t\t<hr>\t\t\t\t<\/div>\n\t\t\t\t<\/div>\n\t\t\t\t\t<\/div>\n\t\t\t\t<\/div>\n\t\t\t\t<\/div>\n\t\t","protected":false},"excerpt":{"rendered":"<p>Publicaciones Cient\u00edficas En nuestro equipo tenemos expertos de redacci\u00f3n cient\u00edfica de alto nivel, con una elevada proporci\u00f3n de art\u00edculos publicados en revistas cient\u00edficas de revisi\u00f3n por pares. En espa\u00f1ol y en ingl\u00e9s. Art\u00edculos originales, art\u00edculos de revisi\u00f3n, cartas al editor, informes cl\u00ednicos&#8230; Somos profesionales preparados para comprender y redactar textos biom\u00e9dicos de forma coherente. A [&hellip;]<\/p>\n","protected":false},"author":1,"featured_media":0,"parent":0,"menu_order":0,"comment_status":"closed","ping_status":"closed","template":"elementor_header_footer","meta":{"footnotes":""},"class_list":["post-32","page","type-page","status-publish","hentry"],"yoast_head":"<!-- This site is optimized with the Yoast SEO plugin v27.5 - https:\/\/yoast.com\/product\/yoast-seo-wordpress\/ -->\n<title>Publicaciones Cient\u00edficas - Kalispera Medical Writing<\/title>\n<meta name=\"robots\" content=\"index, follow, max-snippet:-1, max-image-preview:large, max-video-preview:-1\" \/>\n<link rel=\"canonical\" href=\"https:\/\/kalispera.net\/es\/publicaciones-cientificas\/\" \/>\n<meta property=\"og:locale\" content=\"es_ES\" \/>\n<meta property=\"og:type\" content=\"article\" \/>\n<meta property=\"og:title\" content=\"Publicaciones Cient\u00edficas - Kalispera Medical Writing\" \/>\n<meta property=\"og:description\" content=\"Publicaciones Cient\u00edficas En nuestro equipo tenemos expertos de redacci\u00f3n cient\u00edfica de alto nivel, con una elevada proporci\u00f3n de art\u00edculos publicados en revistas cient\u00edficas de revisi\u00f3n por pares. En espa\u00f1ol y en ingl\u00e9s. Art\u00edculos originales, art\u00edculos de revisi\u00f3n, cartas al editor, informes cl\u00ednicos&#8230; Somos profesionales preparados para comprender y redactar textos biom\u00e9dicos de forma coherente. A [&hellip;]\" \/>\n<meta property=\"og:url\" content=\"https:\/\/kalispera.net\/es\/publicaciones-cientificas\/\" \/>\n<meta property=\"og:site_name\" content=\"Kalispera Medical Writing\" \/>\n<meta property=\"article:modified_time\" content=\"2026-04-09T16:43:41+00:00\" \/>\n<meta property=\"og:image\" content=\"https:\/\/kalispera.net\/wp-content\/uploads\/2023\/11\/Publicaciones.jpg\" \/>\n\t<meta property=\"og:image:width\" content=\"300\" \/>\n\t<meta property=\"og:image:height\" content=\"169\" \/>\n\t<meta property=\"og:image:type\" content=\"image\/jpeg\" \/>\n<meta name=\"twitter:card\" content=\"summary_large_image\" \/>\n<meta name=\"twitter:label1\" content=\"Tiempo de lectura\" \/>\n\t<meta name=\"twitter:data1\" content=\"2 minutos\" \/>\n<script type=\"application\/ld+json\" class=\"yoast-schema-graph\">{\"@context\":\"https:\\\/\\\/schema.org\",\"@graph\":[{\"@type\":\"WebPage\",\"@id\":\"https:\\\/\\\/kalispera.net\\\/es\\\/publicaciones-cientificas\\\/\",\"url\":\"https:\\\/\\\/kalispera.net\\\/es\\\/publicaciones-cientificas\\\/\",\"name\":\"Publicaciones Cient\u00edficas - Kalispera Medical Writing\",\"isPartOf\":{\"@id\":\"https:\\\/\\\/kalispera.net\\\/es\\\/#website\"},\"primaryImageOfPage\":{\"@id\":\"https:\\\/\\\/kalispera.net\\\/es\\\/publicaciones-cientificas\\\/#primaryimage\"},\"image\":{\"@id\":\"https:\\\/\\\/kalispera.net\\\/es\\\/publicaciones-cientificas\\\/#primaryimage\"},\"thumbnailUrl\":\"https:\\\/\\\/kalispera.net\\\/wp-content\\\/uploads\\\/2023\\\/11\\\/Publicaciones.jpg\",\"datePublished\":\"2023-11-13T02:47:55+00:00\",\"dateModified\":\"2026-04-09T16:43:41+00:00\",\"breadcrumb\":{\"@id\":\"https:\\\/\\\/kalispera.net\\\/es\\\/publicaciones-cientificas\\\/#breadcrumb\"},\"inLanguage\":\"es\",\"potentialAction\":[{\"@type\":\"ReadAction\",\"target\":[\"https:\\\/\\\/kalispera.net\\\/es\\\/publicaciones-cientificas\\\/\"]}]},{\"@type\":\"ImageObject\",\"inLanguage\":\"es\",\"@id\":\"https:\\\/\\\/kalispera.net\\\/es\\\/publicaciones-cientificas\\\/#primaryimage\",\"url\":\"https:\\\/\\\/kalispera.net\\\/wp-content\\\/uploads\\\/2023\\\/11\\\/Publicaciones.jpg\",\"contentUrl\":\"https:\\\/\\\/kalispera.net\\\/wp-content\\\/uploads\\\/2023\\\/11\\\/Publicaciones.jpg\"},{\"@type\":\"BreadcrumbList\",\"@id\":\"https:\\\/\\\/kalispera.net\\\/es\\\/publicaciones-cientificas\\\/#breadcrumb\",\"itemListElement\":[{\"@type\":\"ListItem\",\"position\":1,\"name\":\"Portada\",\"item\":\"https:\\\/\\\/kalispera.net\\\/es\\\/\"},{\"@type\":\"ListItem\",\"position\":2,\"name\":\"Publicaciones Cient\u00edficas\"}]},{\"@type\":\"WebSite\",\"@id\":\"https:\\\/\\\/kalispera.net\\\/es\\\/#website\",\"url\":\"https:\\\/\\\/kalispera.net\\\/es\\\/\",\"name\":\"Kalispera Medical Writing\",\"description\":\"Contenidos M\u00e9dicos\",\"potentialAction\":[{\"@type\":\"SearchAction\",\"target\":{\"@type\":\"EntryPoint\",\"urlTemplate\":\"https:\\\/\\\/kalispera.net\\\/es\\\/?s={search_term_string}\"},\"query-input\":{\"@type\":\"PropertyValueSpecification\",\"valueRequired\":true,\"valueName\":\"search_term_string\"}}],\"inLanguage\":\"es\"}]}<\/script>\n<!-- \/ Yoast SEO plugin. -->","yoast_head_json":{"title":"Publicaciones Cient\u00edficas - Kalispera Medical Writing","robots":{"index":"index","follow":"follow","max-snippet":"max-snippet:-1","max-image-preview":"max-image-preview:large","max-video-preview":"max-video-preview:-1"},"canonical":"https:\/\/kalispera.net\/es\/publicaciones-cientificas\/","og_locale":"es_ES","og_type":"article","og_title":"Publicaciones Cient\u00edficas - Kalispera Medical Writing","og_description":"Publicaciones Cient\u00edficas En nuestro equipo tenemos expertos de redacci\u00f3n cient\u00edfica de alto nivel, con una elevada proporci\u00f3n de art\u00edculos publicados en revistas cient\u00edficas de revisi\u00f3n por pares. En espa\u00f1ol y en ingl\u00e9s. Art\u00edculos originales, art\u00edculos de revisi\u00f3n, cartas al editor, informes cl\u00ednicos&#8230; Somos profesionales preparados para comprender y redactar textos biom\u00e9dicos de forma coherente. A [&hellip;]","og_url":"https:\/\/kalispera.net\/es\/publicaciones-cientificas\/","og_site_name":"Kalispera Medical Writing","article_modified_time":"2026-04-09T16:43:41+00:00","og_image":[{"width":300,"height":169,"url":"https:\/\/kalispera.net\/wp-content\/uploads\/2023\/11\/Publicaciones.jpg","type":"image\/jpeg"}],"twitter_card":"summary_large_image","twitter_misc":{"Tiempo de lectura":"2 minutos"},"schema":{"@context":"https:\/\/schema.org","@graph":[{"@type":"WebPage","@id":"https:\/\/kalispera.net\/es\/publicaciones-cientificas\/","url":"https:\/\/kalispera.net\/es\/publicaciones-cientificas\/","name":"Publicaciones Cient\u00edficas - Kalispera Medical Writing","isPartOf":{"@id":"https:\/\/kalispera.net\/es\/#website"},"primaryImageOfPage":{"@id":"https:\/\/kalispera.net\/es\/publicaciones-cientificas\/#primaryimage"},"image":{"@id":"https:\/\/kalispera.net\/es\/publicaciones-cientificas\/#primaryimage"},"thumbnailUrl":"https:\/\/kalispera.net\/wp-content\/uploads\/2023\/11\/Publicaciones.jpg","datePublished":"2023-11-13T02:47:55+00:00","dateModified":"2026-04-09T16:43:41+00:00","breadcrumb":{"@id":"https:\/\/kalispera.net\/es\/publicaciones-cientificas\/#breadcrumb"},"inLanguage":"es","potentialAction":[{"@type":"ReadAction","target":["https:\/\/kalispera.net\/es\/publicaciones-cientificas\/"]}]},{"@type":"ImageObject","inLanguage":"es","@id":"https:\/\/kalispera.net\/es\/publicaciones-cientificas\/#primaryimage","url":"https:\/\/kalispera.net\/wp-content\/uploads\/2023\/11\/Publicaciones.jpg","contentUrl":"https:\/\/kalispera.net\/wp-content\/uploads\/2023\/11\/Publicaciones.jpg"},{"@type":"BreadcrumbList","@id":"https:\/\/kalispera.net\/es\/publicaciones-cientificas\/#breadcrumb","itemListElement":[{"@type":"ListItem","position":1,"name":"Portada","item":"https:\/\/kalispera.net\/es\/"},{"@type":"ListItem","position":2,"name":"Publicaciones Cient\u00edficas"}]},{"@type":"WebSite","@id":"https:\/\/kalispera.net\/es\/#website","url":"https:\/\/kalispera.net\/es\/","name":"Kalispera Medical Writing","description":"Contenidos M\u00e9dicos","potentialAction":[{"@type":"SearchAction","target":{"@type":"EntryPoint","urlTemplate":"https:\/\/kalispera.net\/es\/?s={search_term_string}"},"query-input":{"@type":"PropertyValueSpecification","valueRequired":true,"valueName":"search_term_string"}}],"inLanguage":"es"}]}},"_links":{"self":[{"href":"https:\/\/kalispera.net\/es\/wp-json\/wp\/v2\/pages\/32","targetHints":{"allow":["GET"]}}],"collection":[{"href":"https:\/\/kalispera.net\/es\/wp-json\/wp\/v2\/pages"}],"about":[{"href":"https:\/\/kalispera.net\/es\/wp-json\/wp\/v2\/types\/page"}],"author":[{"embeddable":true,"href":"https:\/\/kalispera.net\/es\/wp-json\/wp\/v2\/users\/1"}],"replies":[{"embeddable":true,"href":"https:\/\/kalispera.net\/es\/wp-json\/wp\/v2\/comments?post=32"}],"version-history":[{"count":22,"href":"https:\/\/kalispera.net\/es\/wp-json\/wp\/v2\/pages\/32\/revisions"}],"predecessor-version":[{"id":608,"href":"https:\/\/kalispera.net\/es\/wp-json\/wp\/v2\/pages\/32\/revisions\/608"}],"wp:attachment":[{"href":"https:\/\/kalispera.net\/es\/wp-json\/wp\/v2\/media?parent=32"}],"curies":[{"name":"wp","href":"https:\/\/api.w.org\/{rel}","templated":true}]}}