{"id":30,"date":"2023-11-13T02:47:38","date_gmt":"2023-11-13T02:47:38","guid":{"rendered":"https:\/\/wp.formacionkalispera.net\/?page_id=30"},"modified":"2026-04-09T16:38:27","modified_gmt":"2026-04-09T16:38:27","slug":"redaccion-contenidos-medicos","status":"publish","type":"page","link":"https:\/\/kalispera.net\/es\/redaccion-contenidos-medicos\/","title":{"rendered":"Redacci\u00f3n Contenidos M\u00e9dicos"},"content":{"rendered":"\t\t<div data-elementor-type=\"wp-page\" data-elementor-id=\"30\" class=\"elementor elementor-30\" data-elementor-post-type=\"page\">\n\t\t\t\t<div class=\"elementor-element elementor-element-e85f4dd e-flex e-con-boxed e-con e-parent\" data-id=\"e85f4dd\" data-element_type=\"container\" data-e-type=\"container\" data-settings=\"{&quot;background_background&quot;:&quot;classic&quot;}\">\n\t\t\t\t\t<div class=\"e-con-inner\">\n\t\t\t\t<div class=\"elementor-element elementor-element-f3798b0 elementor-widget elementor-widget-spacer\" data-id=\"f3798b0\" data-element_type=\"widget\" data-e-type=\"widget\" data-widget_type=\"spacer.default\">\n\t\t\t\t<div class=\"elementor-widget-container\">\n\t\t\t\t\t\t\t<div class=\"elementor-spacer\">\n\t\t\t<div class=\"elementor-spacer-inner\"><\/div>\n\t\t<\/div>\n\t\t\t\t\t\t<\/div>\n\t\t\t\t<\/div>\n\t\t\t\t\t<\/div>\n\t\t\t\t<\/div>\n\t\t<div class=\"elementor-element elementor-element-6575fe4 e-flex e-con-boxed e-con e-parent\" data-id=\"6575fe4\" data-element_type=\"container\" data-e-type=\"container\">\n\t\t\t\t\t<div class=\"e-con-inner\">\n\t\t\t\t<div class=\"elementor-element elementor-element-b13b00c elementor-widget elementor-widget-heading\" data-id=\"b13b00c\" data-element_type=\"widget\" data-e-type=\"widget\" data-widget_type=\"heading.default\">\n\t\t\t\t<div class=\"elementor-widget-container\">\n\t\t\t\t\t<h2 class=\"elementor-heading-title elementor-size-default\"><strong>Redacci\u00f3n<\/strong> de contenidos<\/h2>\t\t\t\t<\/div>\n\t\t\t\t<\/div>\n\t\t\t\t<div class=\"elementor-element elementor-element-12f1578 elementor-widget elementor-widget-heading\" data-id=\"12f1578\" data-element_type=\"widget\" data-e-type=\"widget\" data-widget_type=\"heading.default\">\n\t\t\t\t<div class=\"elementor-widget-container\">\n\t\t\t\t\t<h2 class=\"elementor-heading-title elementor-size-default\">Nuestro reto es encontrar la receta que diferencie los contenidos y textos m\u00e9dicos de nuestro cliente de los de la competencia, comunicando de forma original y clara, pero sin perder credibilidad ni rigor cient\u00edfico.<\/h2>\t\t\t\t<\/div>\n\t\t\t\t<\/div>\n\t\t\t\t\t<\/div>\n\t\t\t\t<\/div>\n\t\t<div class=\"elementor-element elementor-element-429d83c e-flex e-con-boxed e-con e-parent\" data-id=\"429d83c\" data-element_type=\"container\" data-e-type=\"container\">\n\t\t\t\t\t<div class=\"e-con-inner\">\n\t\t<div class=\"elementor-element elementor-element-0e88cfc e-con-full e-flex e-con e-child\" data-id=\"0e88cfc\" data-element_type=\"container\" data-e-type=\"container\">\n\t\t\t\t<div class=\"elementor-element elementor-element-c0e9f40 elementor-widget elementor-widget-text-editor\" data-id=\"c0e9f40\" data-element_type=\"widget\" data-e-type=\"widget\" data-widget_type=\"text-editor.default\">\n\t\t\t\t<div class=\"elementor-widget-container\">\n\t\t\t\t\t\t\t\t\t<p><span style=\"color: var( --e-global-color-text );\">Redactamos contenidos y textos m\u00e9dicos de calidad con rigor cient\u00edfico dirigidos principalmente a m\u00e9dicos y farmac\u00e9uticos, as\u00ed como a otros profesionales sanitarios y pacientes, adapt\u00e1ndolos a distintos formatos digitales y f\u00edsicos.<\/span><\/p><p>En la pr\u00e1ctica, trabajamos los contenidos en el \u00e1mbito de la comunicaci\u00f3n m\u00e9dica (<em>MedComms<\/em>) y la educaci\u00f3n m\u00e9dica (<em>MedEd<\/em>), alineados con los objetivos de <i>marketing<\/i> y comunicaci\u00f3n de los distintos equipos.<\/p><p>En educaci\u00f3n m\u00e9dica, contamos con una larga trayectoria en <em>e-learning<\/em> \u2014desarrollando cursos, m\u00f3dulos y p\u00edldoras formativas\u2014 y con una\u00a0<a href=\"https:\/\/www.kalispera.net\/formacion\/\"><b>plataforma de formaci\u00f3n m\u00e9dica continuada<\/b><\/a>\u00a0basada en Moodle: <a style=\"background-color: #ffffff;\" href=\"https:\/\/formacionkalispera.net\/campus\/\" target=\"_blank\" rel=\"noopener\"><span style=\"font-weight: bold;\">Campus Kalispera<\/span><\/a><span style=\"color: var( --e-global-color-text );\">.<\/span><\/p>\t\t\t\t\t\t\t\t<\/div>\n\t\t\t\t<\/div>\n\t\t\t\t<\/div>\n\t\t<div class=\"elementor-element elementor-element-4840d60 e-con-full e-flex e-con e-child\" data-id=\"4840d60\" data-element_type=\"container\" data-e-type=\"container\">\n\t\t\t\t<div class=\"elementor-element elementor-element-d43a600 elementor-widget elementor-widget-image\" data-id=\"d43a600\" data-element_type=\"widget\" data-e-type=\"widget\" data-widget_type=\"image.default\">\n\t\t\t\t<div class=\"elementor-widget-container\">\n\t\t\t\t\t\t\t\t\t\t\t\t\t\t\t<img fetchpriority=\"high\" decoding=\"async\" width=\"600\" height=\"300\" src=\"https:\/\/kalispera.net\/wp-content\/uploads\/2023\/11\/Redaccion-medium.jpg\" class=\"attachment-full size-full wp-image-117\" alt=\"\" srcset=\"https:\/\/kalispera.net\/wp-content\/uploads\/2023\/11\/Redaccion-medium.jpg 600w, https:\/\/kalispera.net\/wp-content\/uploads\/2023\/11\/Redaccion-medium-300x150.jpg 300w\" sizes=\"(max-width: 600px) 100vw, 600px\" \/>\t\t\t\t\t\t\t\t\t\t\t\t\t\t\t<\/div>\n\t\t\t\t<\/div>\n\t\t\t\t<\/div>\n\t\t\t\t\t<\/div>\n\t\t\t\t<\/div>\n\t\t\t\t<\/div>\n\t\t","protected":false},"excerpt":{"rendered":"<p>Redacci\u00f3n de contenidos Nuestro reto es encontrar la receta que diferencie los contenidos y textos m\u00e9dicos de nuestro cliente de los de la competencia, comunicando de forma original y clara, pero sin perder credibilidad ni rigor cient\u00edfico. Redactamos contenidos y textos m\u00e9dicos de calidad con rigor cient\u00edfico dirigidos principalmente a m\u00e9dicos y farmac\u00e9uticos, as\u00ed como [&hellip;]<\/p>\n","protected":false},"author":1,"featured_media":0,"parent":0,"menu_order":0,"comment_status":"closed","ping_status":"closed","template":"elementor_header_footer","meta":{"footnotes":""},"class_list":["post-30","page","type-page","status-publish","hentry"],"yoast_head":"<!-- This site is optimized with the Yoast SEO plugin v27.5 - https:\/\/yoast.com\/product\/yoast-seo-wordpress\/ -->\n<title>Redacci\u00f3n Contenidos M\u00e9dicos - Kalispera Medical Writing<\/title>\n<meta name=\"robots\" content=\"index, follow, max-snippet:-1, max-image-preview:large, max-video-preview:-1\" \/>\n<link rel=\"canonical\" href=\"https:\/\/kalispera.net\/es\/redaccion-contenidos-medicos\/\" \/>\n<meta property=\"og:locale\" content=\"es_ES\" \/>\n<meta property=\"og:type\" content=\"article\" \/>\n<meta property=\"og:title\" content=\"Redacci\u00f3n Contenidos M\u00e9dicos - Kalispera Medical Writing\" \/>\n<meta property=\"og:description\" content=\"Redacci\u00f3n de contenidos Nuestro reto es encontrar la receta que diferencie los contenidos y textos m\u00e9dicos de nuestro cliente de los de la competencia, comunicando de forma original y clara, pero sin perder credibilidad ni rigor cient\u00edfico. Redactamos contenidos y textos m\u00e9dicos de calidad con rigor cient\u00edfico dirigidos principalmente a m\u00e9dicos y farmac\u00e9uticos, as\u00ed como [&hellip;]\" \/>\n<meta property=\"og:url\" content=\"https:\/\/kalispera.net\/es\/redaccion-contenidos-medicos\/\" \/>\n<meta property=\"og:site_name\" content=\"Kalispera Medical Writing\" \/>\n<meta property=\"article:modified_time\" content=\"2026-04-09T16:38:27+00:00\" \/>\n<meta property=\"og:image\" content=\"https:\/\/kalispera.net\/wp-content\/uploads\/2023\/11\/Redaccion-medium.jpg\" \/>\n\t<meta property=\"og:image:width\" content=\"600\" \/>\n\t<meta property=\"og:image:height\" content=\"300\" \/>\n\t<meta property=\"og:image:type\" content=\"image\/jpeg\" \/>\n<meta name=\"twitter:card\" content=\"summary_large_image\" \/>\n<meta name=\"twitter:label1\" content=\"Tiempo de lectura\" \/>\n\t<meta name=\"twitter:data1\" content=\"1 minuto\" \/>\n<script type=\"application\/ld+json\" class=\"yoast-schema-graph\">{\"@context\":\"https:\\\/\\\/schema.org\",\"@graph\":[{\"@type\":\"WebPage\",\"@id\":\"https:\\\/\\\/kalispera.net\\\/es\\\/redaccion-contenidos-medicos\\\/\",\"url\":\"https:\\\/\\\/kalispera.net\\\/es\\\/redaccion-contenidos-medicos\\\/\",\"name\":\"Redacci\u00f3n Contenidos M\u00e9dicos - Kalispera Medical Writing\",\"isPartOf\":{\"@id\":\"https:\\\/\\\/kalispera.net\\\/es\\\/#website\"},\"primaryImageOfPage\":{\"@id\":\"https:\\\/\\\/kalispera.net\\\/es\\\/redaccion-contenidos-medicos\\\/#primaryimage\"},\"image\":{\"@id\":\"https:\\\/\\\/kalispera.net\\\/es\\\/redaccion-contenidos-medicos\\\/#primaryimage\"},\"thumbnailUrl\":\"https:\\\/\\\/kalispera.net\\\/wp-content\\\/uploads\\\/2023\\\/11\\\/Redaccion-medium.jpg\",\"datePublished\":\"2023-11-13T02:47:38+00:00\",\"dateModified\":\"2026-04-09T16:38:27+00:00\",\"breadcrumb\":{\"@id\":\"https:\\\/\\\/kalispera.net\\\/es\\\/redaccion-contenidos-medicos\\\/#breadcrumb\"},\"inLanguage\":\"es\",\"potentialAction\":[{\"@type\":\"ReadAction\",\"target\":[\"https:\\\/\\\/kalispera.net\\\/es\\\/redaccion-contenidos-medicos\\\/\"]}]},{\"@type\":\"ImageObject\",\"inLanguage\":\"es\",\"@id\":\"https:\\\/\\\/kalispera.net\\\/es\\\/redaccion-contenidos-medicos\\\/#primaryimage\",\"url\":\"https:\\\/\\\/kalispera.net\\\/wp-content\\\/uploads\\\/2023\\\/11\\\/Redaccion-medium.jpg\",\"contentUrl\":\"https:\\\/\\\/kalispera.net\\\/wp-content\\\/uploads\\\/2023\\\/11\\\/Redaccion-medium.jpg\"},{\"@type\":\"BreadcrumbList\",\"@id\":\"https:\\\/\\\/kalispera.net\\\/es\\\/redaccion-contenidos-medicos\\\/#breadcrumb\",\"itemListElement\":[{\"@type\":\"ListItem\",\"position\":1,\"name\":\"Portada\",\"item\":\"https:\\\/\\\/kalispera.net\\\/es\\\/\"},{\"@type\":\"ListItem\",\"position\":2,\"name\":\"Redacci\u00f3n Contenidos M\u00e9dicos\"}]},{\"@type\":\"WebSite\",\"@id\":\"https:\\\/\\\/kalispera.net\\\/es\\\/#website\",\"url\":\"https:\\\/\\\/kalispera.net\\\/es\\\/\",\"name\":\"Kalispera Medical Writing\",\"description\":\"Contenidos M\u00e9dicos\",\"potentialAction\":[{\"@type\":\"SearchAction\",\"target\":{\"@type\":\"EntryPoint\",\"urlTemplate\":\"https:\\\/\\\/kalispera.net\\\/es\\\/?s={search_term_string}\"},\"query-input\":{\"@type\":\"PropertyValueSpecification\",\"valueRequired\":true,\"valueName\":\"search_term_string\"}}],\"inLanguage\":\"es\"}]}<\/script>\n<!-- \/ Yoast SEO plugin. -->","yoast_head_json":{"title":"Redacci\u00f3n Contenidos M\u00e9dicos - Kalispera Medical Writing","robots":{"index":"index","follow":"follow","max-snippet":"max-snippet:-1","max-image-preview":"max-image-preview:large","max-video-preview":"max-video-preview:-1"},"canonical":"https:\/\/kalispera.net\/es\/redaccion-contenidos-medicos\/","og_locale":"es_ES","og_type":"article","og_title":"Redacci\u00f3n Contenidos M\u00e9dicos - Kalispera Medical Writing","og_description":"Redacci\u00f3n de contenidos Nuestro reto es encontrar la receta que diferencie los contenidos y textos m\u00e9dicos de nuestro cliente de los de la competencia, comunicando de forma original y clara, pero sin perder credibilidad ni rigor cient\u00edfico. Redactamos contenidos y textos m\u00e9dicos de calidad con rigor cient\u00edfico dirigidos principalmente a m\u00e9dicos y farmac\u00e9uticos, as\u00ed como [&hellip;]","og_url":"https:\/\/kalispera.net\/es\/redaccion-contenidos-medicos\/","og_site_name":"Kalispera Medical Writing","article_modified_time":"2026-04-09T16:38:27+00:00","og_image":[{"width":600,"height":300,"url":"https:\/\/kalispera.net\/wp-content\/uploads\/2023\/11\/Redaccion-medium.jpg","type":"image\/jpeg"}],"twitter_card":"summary_large_image","twitter_misc":{"Tiempo de lectura":"1 minuto"},"schema":{"@context":"https:\/\/schema.org","@graph":[{"@type":"WebPage","@id":"https:\/\/kalispera.net\/es\/redaccion-contenidos-medicos\/","url":"https:\/\/kalispera.net\/es\/redaccion-contenidos-medicos\/","name":"Redacci\u00f3n Contenidos M\u00e9dicos - Kalispera Medical Writing","isPartOf":{"@id":"https:\/\/kalispera.net\/es\/#website"},"primaryImageOfPage":{"@id":"https:\/\/kalispera.net\/es\/redaccion-contenidos-medicos\/#primaryimage"},"image":{"@id":"https:\/\/kalispera.net\/es\/redaccion-contenidos-medicos\/#primaryimage"},"thumbnailUrl":"https:\/\/kalispera.net\/wp-content\/uploads\/2023\/11\/Redaccion-medium.jpg","datePublished":"2023-11-13T02:47:38+00:00","dateModified":"2026-04-09T16:38:27+00:00","breadcrumb":{"@id":"https:\/\/kalispera.net\/es\/redaccion-contenidos-medicos\/#breadcrumb"},"inLanguage":"es","potentialAction":[{"@type":"ReadAction","target":["https:\/\/kalispera.net\/es\/redaccion-contenidos-medicos\/"]}]},{"@type":"ImageObject","inLanguage":"es","@id":"https:\/\/kalispera.net\/es\/redaccion-contenidos-medicos\/#primaryimage","url":"https:\/\/kalispera.net\/wp-content\/uploads\/2023\/11\/Redaccion-medium.jpg","contentUrl":"https:\/\/kalispera.net\/wp-content\/uploads\/2023\/11\/Redaccion-medium.jpg"},{"@type":"BreadcrumbList","@id":"https:\/\/kalispera.net\/es\/redaccion-contenidos-medicos\/#breadcrumb","itemListElement":[{"@type":"ListItem","position":1,"name":"Portada","item":"https:\/\/kalispera.net\/es\/"},{"@type":"ListItem","position":2,"name":"Redacci\u00f3n Contenidos M\u00e9dicos"}]},{"@type":"WebSite","@id":"https:\/\/kalispera.net\/es\/#website","url":"https:\/\/kalispera.net\/es\/","name":"Kalispera Medical Writing","description":"Contenidos M\u00e9dicos","potentialAction":[{"@type":"SearchAction","target":{"@type":"EntryPoint","urlTemplate":"https:\/\/kalispera.net\/es\/?s={search_term_string}"},"query-input":{"@type":"PropertyValueSpecification","valueRequired":true,"valueName":"search_term_string"}}],"inLanguage":"es"}]}},"_links":{"self":[{"href":"https:\/\/kalispera.net\/es\/wp-json\/wp\/v2\/pages\/30","targetHints":{"allow":["GET"]}}],"collection":[{"href":"https:\/\/kalispera.net\/es\/wp-json\/wp\/v2\/pages"}],"about":[{"href":"https:\/\/kalispera.net\/es\/wp-json\/wp\/v2\/types\/page"}],"author":[{"embeddable":true,"href":"https:\/\/kalispera.net\/es\/wp-json\/wp\/v2\/users\/1"}],"replies":[{"embeddable":true,"href":"https:\/\/kalispera.net\/es\/wp-json\/wp\/v2\/comments?post=30"}],"version-history":[{"count":67,"href":"https:\/\/kalispera.net\/es\/wp-json\/wp\/v2\/pages\/30\/revisions"}],"predecessor-version":[{"id":605,"href":"https:\/\/kalispera.net\/es\/wp-json\/wp\/v2\/pages\/30\/revisions\/605"}],"wp:attachment":[{"href":"https:\/\/kalispera.net\/es\/wp-json\/wp\/v2\/media?parent=30"}],"curies":[{"name":"wp","href":"https:\/\/api.w.org\/{rel}","templated":true}]}}